{"id":4415,"date":"2022-04-08T14:38:53","date_gmt":"2022-04-08T14:38:53","guid":{"rendered":"https:\/\/prototecnica.es\/?page_id=4415"},"modified":"2024-03-06T15:07:14","modified_gmt":"2024-03-06T15:07:14","slug":"step-3-budget-proposal","status":"publish","type":"page","link":"https:\/\/letsprototype.com\/en\/step-3-budget-proposal\/","title":{"rendered":"Paso N\u00ba3 &#8211; Env\u00edo del presupuesto"},"content":{"rendered":"<div data-elementor-type=\"wp-page\" data-elementor-id=\"4415\" class=\"elementor elementor-4415\" data-elementor-post-type=\"page\">\n\t\t\t\t\t\t<section class=\"elementor-section elementor-top-section elementor-element elementor-element-7e2d1414 elementor-section-boxed elementor-section-height-default elementor-section-height-default\" data-id=\"7e2d1414\" data-element_type=\"section\">\n\t\t\t\t\t\t<div class=\"elementor-container elementor-column-gap-default\">\n\t\t\t\t\t<div class=\"elementor-column elementor-col-100 elementor-top-column elementor-element elementor-element-12311a6f\" data-id=\"12311a6f\" data-element_type=\"column\">\n\t\t\t<div class=\"elementor-widget-wrap elementor-element-populated\">\n\t\t\t\t\t\t<div class=\"elementor-element elementor-element-511fe1ba elementor-widget elementor-widget-heading\" data-id=\"511fe1ba\" data-element_type=\"widget\" data-widget_type=\"heading.default\">\n\t\t\t\t\t<h2 class=\"elementor-heading-title elementor-size-default\">Step 3: Sending the Budget<\/h2>\t\t\t\t<\/div>\n\t\t\t\t<div class=\"elementor-element elementor-element-369378f3 elementor-widget elementor-widget-video\" data-id=\"369378f3\" data-element_type=\"widget\" data-settings=\"{&quot;youtube_url&quot;:&quot;https:\\\/\\\/www.youtube.com\\\/watch?v=2_-fglIHGOM&quot;,&quot;video_type&quot;:&quot;youtube&quot;,&quot;controls&quot;:&quot;yes&quot;}\" data-widget_type=\"video.default\">\n\t\t\t\t\t\t\t<div class=\"elementor-wrapper elementor-open-inline\">\n\t\t\t<div class=\"elementor-video\"><\/div>\t\t<\/div>\n\t\t\t\t\t\t<\/div>\n\t\t\t\t<section class=\"elementor-section elementor-inner-section elementor-element elementor-element-24889f14 elementor-section-boxed elementor-section-height-default elementor-section-height-default\" data-id=\"24889f14\" data-element_type=\"section\">\n\t\t\t\t\t\t<div class=\"elementor-container elementor-column-gap-default\">\n\t\t\t\t\t<div class=\"elementor-column elementor-col-50 elementor-inner-column elementor-element elementor-element-44cc0b0\" data-id=\"44cc0b0\" data-element_type=\"column\">\n\t\t\t<div class=\"elementor-widget-wrap elementor-element-populated\">\n\t\t\t\t\t\t<div class=\"elementor-element elementor-element-504d1359 elementor-align-left elementor-mobile-align-center elementor-widget__width-auto elementor-widget elementor-widget-button\" data-id=\"504d1359\" data-element_type=\"widget\" data-widget_type=\"button.default\">\n\t\t\t\t\t\t\t\t\t\t<a class=\"elementor-button elementor-button-link elementor-size-md\" href=\"https:\/\/letsprototype.com\/en\/step-2-requirements-gathering\/\">\n\t\t\t\t\t\t<span class=\"elementor-button-content-wrapper\">\n\t\t\t\t\t\t<span class=\"elementor-button-icon\">\n\t\t\t\t<i aria-hidden=\"true\" class=\"fas fa-arrow-left\"><\/i>\t\t\t<\/span>\n\t\t\t\t\t\t\t\t<\/span>\n\t\t\t\t\t<\/a>\n\t\t\t\t\t\t\t\t<\/div>\n\t\t\t\t<div class=\"elementor-element elementor-element-30bb534c elementor-align-left elementor-mobile-align-center elementor-widget__width-auto elementor-widget elementor-widget-button\" data-id=\"30bb534c\" data-element_type=\"widget\" data-widget_type=\"button.default\">\n\t\t\t\t\t\t\t\t\t\t<a class=\"elementor-button elementor-button-link elementor-size-md\" href=\"https:\/\/letsprototype.com\/en\/what-to-expect-in-the-budget\/\">\n\t\t\t\t\t\t<span class=\"elementor-button-content-wrapper\">\n\t\t\t\t\t\t<span class=\"elementor-button-icon\">\n\t\t\t\t<i aria-hidden=\"true\" class=\"fas fa-angle-right\"><\/i>\t\t\t<\/span>\n\t\t\t\t\t\t\t\t\t<span class=\"elementor-button-text\">Next<\/span>\n\t\t\t\t\t<\/span>\n\t\t\t\t\t<\/a>\n\t\t\t\t\t\t\t\t<\/div>\n\t\t\t\t\t<\/div>\n\t\t<\/div>\n\t\t\t\t<div class=\"elementor-column elementor-col-50 elementor-inner-column elementor-element elementor-element-377696fd\" data-id=\"377696fd\" data-element_type=\"column\">\n\t\t\t<div class=\"elementor-widget-wrap elementor-element-populated\">\n\t\t\t\t\t\t<div class=\"elementor-element elementor-element-398de0ad elementor-align-right elementor-mobile-align-center elementor-widget elementor-widget-button\" data-id=\"398de0ad\" data-element_type=\"widget\" data-widget_type=\"button.default\">\n\t\t\t\t\t\t\t\t\t\t<a class=\"elementor-button elementor-button-link elementor-size-md\" href=\"https:\/\/calendly.com\/erick-remedios-letsprototype\/llamada-inicial\">\n\t\t\t\t\t\t<span class=\"elementor-button-content-wrapper\">\n\t\t\t\t\t\t\t\t\t<span class=\"elementor-button-text\">\u00bfTienes dudas?<\/span>\n\t\t\t\t\t<\/span>\n\t\t\t\t\t<\/a>\n\t\t\t\t\t\t\t\t<\/div>\n\t\t\t\t\t<\/div>\n\t\t<\/div>\n\t\t\t\t\t<\/div>\n\t\t<\/section>\n\t\t\t\t<div class=\"elementor-element elementor-element-5ebd33e2 elementor-widget elementor-widget-spacer\" data-id=\"5ebd33e2\" data-element_type=\"widget\" data-widget_type=\"spacer.default\">\n\t\t\t\t\t\t\t<div class=\"elementor-spacer\">\n\t\t\t<div class=\"elementor-spacer-inner\"><\/div>\n\t\t<\/div>\n\t\t\t\t\t\t<\/div>\n\t\t\t\t\t<\/div>\n\t\t<\/div>\n\t\t\t\t\t<\/div>\n\t\t<\/section>\n\t\t\t\t<\/div>\n\t\t\n\n<div class=\"kk-star-ratings kksr-auto kksr-align-center kksr-valign-bottom\"\n    data-payload='{&quot;align&quot;:&quot;center&quot;,&quot;id&quot;:&quot;4415&quot;,&quot;slug&quot;:&quot;default&quot;,&quot;valign&quot;:&quot;bottom&quot;,&quot;ignore&quot;:&quot;&quot;,&quot;reference&quot;:&quot;auto&quot;,&quot;class&quot;:&quot;&quot;,&quot;count&quot;:&quot;0&quot;,&quot;legendonly&quot;:&quot;&quot;,&quot;readonly&quot;:&quot;&quot;,&quot;score&quot;:&quot;0&quot;,&quot;starsonly&quot;:&quot;&quot;,&quot;best&quot;:&quot;5&quot;,&quot;gap&quot;:&quot;5&quot;,&quot;greet&quot;:&quot;Valorar este page&quot;,&quot;legend&quot;:&quot;0\\\/5 - (0 votes)&quot;,&quot;size&quot;:&quot;24&quot;,&quot;title&quot;:&quot;Paso N\u00ba3 - Env\u00edo del presupuesto&quot;,&quot;width&quot;:&quot;0&quot;,&quot;_legend&quot;:&quot;{score}\\\/{best} - ({count} {votes})&quot;,&quot;font_factor&quot;:&quot;1.25&quot;}'>\n            \n<div class=\"kksr-stars\">\n    \n<div class=\"kksr-stars-inactive\">\n            <div class=\"kksr-star\" data-star=\"1\" style=\"padding-right: 5px\">\n            \n\n<div class=\"kksr-icon\" style=\"width: 24px; height: 24px;\"><\/div>\n        <\/div>\n            <div class=\"kksr-star\" data-star=\"2\" style=\"padding-right: 5px\">\n            \n\n<div class=\"kksr-icon\" style=\"width: 24px; height: 24px;\"><\/div>\n        <\/div>\n            <div class=\"kksr-star\" data-star=\"3\" style=\"padding-right: 5px\">\n            \n\n<div class=\"kksr-icon\" style=\"width: 24px; height: 24px;\"><\/div>\n        <\/div>\n            <div class=\"kksr-star\" data-star=\"4\" style=\"padding-right: 5px\">\n            \n\n<div class=\"kksr-icon\" style=\"width: 24px; height: 24px;\"><\/div>\n        <\/div>\n            <div class=\"kksr-star\" data-star=\"5\" style=\"padding-right: 5px\">\n            \n\n<div class=\"kksr-icon\" style=\"width: 24px; height: 24px;\"><\/div>\n        <\/div>\n    <\/div>\n    \n<div class=\"kksr-stars-active\" style=\"width: 0px;\">\n            <div class=\"kksr-star\" style=\"padding-right: 5px\">\n            \n\n<div class=\"kksr-icon\" style=\"width: 24px; height: 24px;\"><\/div>\n        <\/div>\n            <div class=\"kksr-star\" style=\"padding-right: 5px\">\n            \n\n<div class=\"kksr-icon\" style=\"width: 24px; height: 24px;\"><\/div>\n        <\/div>\n            <div class=\"kksr-star\" style=\"padding-right: 5px\">\n            \n\n<div class=\"kksr-icon\" style=\"width: 24px; height: 24px;\"><\/div>\n        <\/div>\n            <div class=\"kksr-star\" style=\"padding-right: 5px\">\n            \n\n<div class=\"kksr-icon\" style=\"width: 24px; height: 24px;\"><\/div>\n        <\/div>\n            <div class=\"kksr-star\" style=\"padding-right: 5px\">\n            \n\n<div class=\"kksr-icon\" style=\"width: 24px; height: 24px;\"><\/div>\n        <\/div>\n    <\/div>\n<\/div>\n                \n\n<div class=\"kksr-legend\" style=\"font-size: 19.2px;\">\n            <span class=\"kksr-muted\">Valorar este page<\/span>\n    <\/div>\n    <\/div>","protected":false},"excerpt":{"rendered":"<p>Paso N\u00ba3 &#8211; Env\u00edo del presupuesto Siguiente \u00bfTienes dudas?<\/p>","protected":false},"author":1,"featured_media":0,"parent":0,"menu_order":0,"comment_status":"closed","ping_status":"closed","template":"","meta":{"site-sidebar-layout":"no-sidebar","site-content-layout":"page-builder","ast-site-content-layout":"","site-content-style":"default","site-sidebar-style":"default","ast-global-header-display":"","ast-banner-title-visibility":"","ast-main-header-display":"","ast-hfb-above-header-display":"","ast-hfb-below-header-display":"","ast-hfb-mobile-header-display":"","site-post-title":"disabled","ast-breadcrumbs-content":"","ast-featured-img":"disabled","footer-sml-layout":"","theme-transparent-header-meta":"","adv-header-id-meta":"","stick-header-meta":"","header-above-stick-meta":"","header-main-stick-meta":"","header-below-stick-meta":"","astra-migrate-meta-layouts":"default","ast-page-background-enabled":"default","ast-page-background-meta":{"desktop":{"background-color":"var(--ast-global-color-4)","background-image":"","background-repeat":"repeat","background-position":"center center","background-size":"auto","background-attachment":"scroll","background-type":"","background-media":"","overlay-type":"","overlay-color":"","overlay-gradient":""},"tablet":{"background-color":"","background-image":"","background-repeat":"repeat","background-position":"center center","background-size":"auto","background-attachment":"scroll","background-type":"","background-media":"","overlay-type":"","overlay-color":"","overlay-gradient":""},"mobile":{"background-color":"","background-image":"","background-repeat":"repeat","background-position":"center center","background-size":"auto","background-attachment":"scroll","background-type":"","background-media":"","overlay-type":"","overlay-color":"","overlay-gradient":""}},"ast-content-background-meta":{"desktop":{"background-color":"var(--ast-global-color-5)","background-image":"","background-repeat":"repeat","background-position":"center center","background-size":"auto","background-attachment":"scroll","background-type":"","background-media":"","overlay-type":"","overlay-color":"","overlay-gradient":""},"tablet":{"background-color":"var(--ast-global-color-5)","background-image":"","background-repeat":"repeat","background-position":"center center","background-size":"auto","background-attachment":"scroll","background-type":"","background-media":"","overlay-type":"","overlay-color":"","overlay-gradient":""},"mobile":{"background-color":"var(--ast-global-color-5)","background-image":"","background-repeat":"repeat","background-position":"center center","background-size":"auto","background-attachment":"scroll","background-type":"","background-media":"","overlay-type":"","overlay-color":"","overlay-gradient":""}},"footnotes":""},"class_list":["post-4415","page","type-page","status-publish","hentry"],"yoast_head":"<!-- This site is optimized with the Yoast SEO Premium plugin v27.3 (Yoast SEO v27.3) - https:\/\/yoast.com\/product\/yoast-seo-premium-wordpress\/ -->\n<title>Paso N\u00ba3 - Env\u00edo del presupuesto - Let&#039;s Prototype<\/title>\n<meta name=\"description\" content=\"Tras analizar tu invento, procederemos con el env\u00edo del presupuesto cerrado. Se trata de un compromiso asumido por Let&#039;s prototype.\" \/>\n<meta name=\"robots\" content=\"index, follow, max-snippet:-1, max-image-preview:large, max-video-preview:-1\" \/>\n<link rel=\"canonical\" href=\"https:\/\/letsprototype.com\/en\/step-3-budget-proposal\/\" \/>\n<meta property=\"og:locale\" content=\"en_US\" \/>\n<meta property=\"og:type\" content=\"article\" \/>\n<meta property=\"og:title\" content=\"Paso N\u00ba3 - Env\u00edo del presupuesto\" \/>\n<meta property=\"og:description\" content=\"Tras analizar tu invento, procederemos con el env\u00edo del presupuesto cerrado. Se trata de un compromiso asumido por Let&#039;s prototype.\" \/>\n<meta property=\"og:url\" content=\"https:\/\/letsprototype.com\/en\/step-3-budget-proposal\/\" \/>\n<meta property=\"og:site_name\" content=\"Let&#039;s Prototype\" \/>\n<meta property=\"article:publisher\" content=\"https:\/\/www.facebook.com\/letsprototype\" \/>\n<meta property=\"article:modified_time\" content=\"2024-03-06T15:07:14+00:00\" \/>\n<meta property=\"og:image\" content=\"https:\/\/cdn.letsprototype.com\/wp-content\/uploads\/2021\/12\/Equipo-prototecnica-min--e1660055286521.jpg\" \/>\n\t<meta property=\"og:image:width\" content=\"2048\" \/>\n\t<meta property=\"og:image:height\" content=\"1366\" \/>\n\t<meta property=\"og:image:type\" content=\"image\/jpeg\" \/>\n<meta name=\"twitter:card\" content=\"summary_large_image\" \/>\n<meta name=\"twitter:label1\" content=\"Est. reading time\" \/>\n\t<meta name=\"twitter:data1\" content=\"1 minute\" \/>\n<script type=\"application\/ld+json\" class=\"yoast-schema-graph\">{\"@context\":\"https:\\\/\\\/schema.org\",\"@graph\":[{\"@type\":\"WebPage\",\"@id\":\"https:\\\/\\\/letsprototype.com\\\/paso-no3-envio-del-presupuesto\\\/\",\"url\":\"https:\\\/\\\/letsprototype.com\\\/paso-no3-envio-del-presupuesto\\\/\",\"name\":\"Paso N\u00ba3 - Env\u00edo del presupuesto - Let&#039;s Prototype\",\"isPartOf\":{\"@id\":\"https:\\\/\\\/letsprototype.com\\\/#website\"},\"datePublished\":\"2022-04-08T14:38:53+00:00\",\"dateModified\":\"2024-03-06T15:07:14+00:00\",\"description\":\"Tras analizar tu invento, procederemos con el env\u00edo del presupuesto cerrado. Se trata de un compromiso asumido por Let's prototype.\",\"breadcrumb\":{\"@id\":\"https:\\\/\\\/letsprototype.com\\\/paso-no3-envio-del-presupuesto\\\/#breadcrumb\"},\"inLanguage\":\"en-US\",\"potentialAction\":[{\"@type\":\"ReadAction\",\"target\":[\"https:\\\/\\\/letsprototype.com\\\/paso-no3-envio-del-presupuesto\\\/\"]}]},{\"@type\":\"BreadcrumbList\",\"@id\":\"https:\\\/\\\/letsprototype.com\\\/paso-no3-envio-del-presupuesto\\\/#breadcrumb\",\"itemListElement\":[{\"@type\":\"ListItem\",\"position\":1,\"name\":\"Portada\",\"item\":\"https:\\\/\\\/letsprototype.com\\\/\"},{\"@type\":\"ListItem\",\"position\":2,\"name\":\"Paso N\u00ba3 &#8211; Env\u00edo del presupuesto\"}]},{\"@type\":\"WebSite\",\"@id\":\"https:\\\/\\\/letsprototype.com\\\/#website\",\"url\":\"https:\\\/\\\/letsprototype.com\\\/\",\"name\":\"Let's Prototype\",\"description\":\"Especialistas en dise\u00f1o y fabricaci\u00f3n de prototipos\",\"publisher\":{\"@id\":\"https:\\\/\\\/letsprototype.com\\\/#organization\"},\"alternateName\":\"Empresa de dise\u00f1o y fabricaci\u00f3n de Productos\",\"potentialAction\":[{\"@type\":\"SearchAction\",\"target\":{\"@type\":\"EntryPoint\",\"urlTemplate\":\"https:\\\/\\\/letsprototype.com\\\/?s={search_term_string}\"},\"query-input\":{\"@type\":\"PropertyValueSpecification\",\"valueRequired\":true,\"valueName\":\"search_term_string\"}}],\"inLanguage\":\"en-US\"},{\"@type\":\"Organization\",\"@id\":\"https:\\\/\\\/letsprototype.com\\\/#organization\",\"name\":\"Let\u00b4s Prototype\",\"alternateName\":\"Let\u00b4s Prototype\",\"url\":\"https:\\\/\\\/letsprototype.com\\\/\",\"logo\":{\"@type\":\"ImageObject\",\"inLanguage\":\"en-US\",\"@id\":\"https:\\\/\\\/letsprototype.com\\\/#\\\/schema\\\/logo\\\/image\\\/\",\"url\":\"https:\\\/\\\/cdn.letsprototype.com\\\/wp-content\\\/uploads\\\/2022\\\/07\\\/cropped-LESTPROTOTYPE-5.png\",\"contentUrl\":\"https:\\\/\\\/cdn.letsprototype.com\\\/wp-content\\\/uploads\\\/2022\\\/07\\\/cropped-LESTPROTOTYPE-5.png\",\"width\":512,\"height\":512,\"caption\":\"Let\u00b4s Prototype\"},\"image\":{\"@id\":\"https:\\\/\\\/letsprototype.com\\\/#\\\/schema\\\/logo\\\/image\\\/\"},\"sameAs\":[\"https:\\\/\\\/www.facebook.com\\\/letsprototype\",\"https:\\\/\\\/www.linkedin.com\\\/company\\\/letsprototype\\\/\",\"https:\\\/\\\/www.thumbtack.com\\\/fl\\\/miami\\\/cad-design\\\/lets-prototype\\\/service\\\/467614067578683401\",\"https:\\\/\\\/www.youtube.com\\\/@letsprototype-productdevel3398\"],\"description\":\"Agencia de innovaci\u00f3n y desarrollo de productos. Especialistas en desarrollo de productos innovadores y fabricaci\u00f3n de prototipos con laboratorios f\u00edsicos en Madrid, Espa\u00f1a y Miami, Estados Unidos.\",\"email\":\"hello@letsprototype.com\",\"telephone\":\"34619687023\",\"legalName\":\"San Juan Ingenieros\",\"foundingDate\":\"2006-11-03\",\"vatID\":\"B11852951\",\"iso6523Code\":\"9001\",\"numberOfEmployees\":{\"@type\":\"QuantitativeValue\",\"minValue\":\"11\",\"maxValue\":\"50\"}}]}<\/script>\n<!-- \/ Yoast SEO Premium plugin. -->","yoast_head_json":{"title":"Step 3: Budget Proposal - Let\u2019s Prototype","description":"Tras analizar tu invento, procederemos con el env\u00edo del presupuesto cerrado. Se trata de un compromiso asumido por Let's prototype.","robots":{"index":"index","follow":"follow","max-snippet":"max-snippet:-1","max-image-preview":"max-image-preview:large","max-video-preview":"max-video-preview:-1"},"canonical":"https:\/\/letsprototype.com\/en\/step-3-budget-proposal\/","og_locale":"en_US","og_type":"article","og_title":"Paso N\u00ba3 - Env\u00edo del presupuesto","og_description":"Tras analizar tu invento, procederemos con el env\u00edo del presupuesto cerrado. Se trata de un compromiso asumido por Let's prototype.","og_url":"https:\/\/letsprototype.com\/en\/step-3-budget-proposal\/","og_site_name":"Let&#039;s Prototype","article_publisher":"https:\/\/www.facebook.com\/letsprototype","article_modified_time":"2024-03-06T15:07:14+00:00","og_image":[{"width":2048,"height":1366,"url":"https:\/\/cdn.letsprototype.com\/wp-content\/uploads\/2021\/12\/Equipo-prototecnica-min--e1660055286521.jpg","type":"image\/jpeg"}],"twitter_card":"summary_large_image","twitter_misc":{"Est. reading time":"1 minute"},"schema":{"@context":"https:\/\/schema.org","@graph":[{"@type":"WebPage","@id":"https:\/\/letsprototype.com\/paso-no3-envio-del-presupuesto\/","url":"https:\/\/letsprototype.com\/paso-no3-envio-del-presupuesto\/","name":"Step 3: Budget Proposal - Let\u2019s Prototype","isPartOf":{"@id":"https:\/\/letsprototype.com\/#website"},"datePublished":"2022-04-08T14:38:53+00:00","dateModified":"2024-03-06T15:07:14+00:00","description":"Tras analizar tu invento, procederemos con el env\u00edo del presupuesto cerrado. Se trata de un compromiso asumido por Let's prototype.","breadcrumb":{"@id":"https:\/\/letsprototype.com\/paso-no3-envio-del-presupuesto\/#breadcrumb"},"inLanguage":"en-US","potentialAction":[{"@type":"ReadAction","target":["https:\/\/letsprototype.com\/paso-no3-envio-del-presupuesto\/"]}]},{"@type":"BreadcrumbList","@id":"https:\/\/letsprototype.com\/paso-no3-envio-del-presupuesto\/#breadcrumb","itemListElement":[{"@type":"ListItem","position":1,"name":"Portada","item":"https:\/\/letsprototype.com\/"},{"@type":"ListItem","position":2,"name":"Paso N\u00ba3 &#8211; Env\u00edo del presupuesto"}]},{"@type":"WebSite","@id":"https:\/\/letsprototype.com\/#website","url":"https:\/\/letsprototype.com\/","name":"Let's Prototype","description":"Especialistas en dise\u00f1o y fabricaci\u00f3n de prototipos","publisher":{"@id":"https:\/\/letsprototype.com\/#organization"},"alternateName":"Empresa de dise\u00f1o y fabricaci\u00f3n de Productos","potentialAction":[{"@type":"SearchAction","target":{"@type":"EntryPoint","urlTemplate":"https:\/\/letsprototype.com\/?s={search_term_string}"},"query-input":{"@type":"PropertyValueSpecification","valueRequired":true,"valueName":"search_term_string"}}],"inLanguage":"en-US"},{"@type":"Organization","@id":"https:\/\/letsprototype.com\/#organization","name":"Let\u00b4s Prototype","alternateName":"Let\u00b4s Prototype","url":"https:\/\/letsprototype.com\/","logo":{"@type":"ImageObject","inLanguage":"en-US","@id":"https:\/\/letsprototype.com\/#\/schema\/logo\/image\/","url":"https:\/\/cdn.letsprototype.com\/wp-content\/uploads\/2022\/07\/cropped-LESTPROTOTYPE-5.png","contentUrl":"https:\/\/cdn.letsprototype.com\/wp-content\/uploads\/2022\/07\/cropped-LESTPROTOTYPE-5.png","width":512,"height":512,"caption":"Let\u00b4s Prototype"},"image":{"@id":"https:\/\/letsprototype.com\/#\/schema\/logo\/image\/"},"sameAs":["https:\/\/www.facebook.com\/letsprototype","https:\/\/www.linkedin.com\/company\/letsprototype\/","https:\/\/www.thumbtack.com\/fl\/miami\/cad-design\/lets-prototype\/service\/467614067578683401","https:\/\/www.youtube.com\/@letsprototype-productdevel3398"],"description":"Agencia de innovaci\u00f3n y desarrollo de productos. Especialistas en desarrollo de productos innovadores y fabricaci\u00f3n de prototipos con laboratorios f\u00edsicos en Madrid, Espa\u00f1a y Miami, Estados Unidos.","email":"hello@letsprototype.com","telephone":"34619687023","legalName":"San Juan Ingenieros","foundingDate":"2006-11-03","vatID":"B11852951","iso6523Code":"9001","numberOfEmployees":{"@type":"QuantitativeValue","minValue":"11","maxValue":"50"}}]}},"_links":{"self":[{"href":"https:\/\/letsprototype.com\/en\/wp-json\/wp\/v2\/pages\/4415","targetHints":{"allow":["GET"]}}],"collection":[{"href":"https:\/\/letsprototype.com\/en\/wp-json\/wp\/v2\/pages"}],"about":[{"href":"https:\/\/letsprototype.com\/en\/wp-json\/wp\/v2\/types\/page"}],"author":[{"embeddable":true,"href":"https:\/\/letsprototype.com\/en\/wp-json\/wp\/v2\/users\/1"}],"replies":[{"embeddable":true,"href":"https:\/\/letsprototype.com\/en\/wp-json\/wp\/v2\/comments?post=4415"}],"version-history":[{"count":0,"href":"https:\/\/letsprototype.com\/en\/wp-json\/wp\/v2\/pages\/4415\/revisions"}],"wp:attachment":[{"href":"https:\/\/letsprototype.com\/en\/wp-json\/wp\/v2\/media?parent=4415"}],"curies":[{"name":"wp","href":"https:\/\/api.w.org\/{rel}","templated":true}]}}