{"id":4081,"date":"2022-03-29T09:47:36","date_gmt":"2022-03-29T09:47:36","guid":{"rendered":"https:\/\/prototecnica.es\/?page_id=4081"},"modified":"2024-08-05T20:16:30","modified_gmt":"2024-08-05T20:16:30","slug":"furniture-prototypes-design","status":"publish","type":"page","link":"https:\/\/letsprototype.com\/en\/furniture-prototypes-design\/","title":{"rendered":"Furniture prototypes"},"content":{"rendered":"<div data-elementor-type=\"wp-page\" data-elementor-id=\"4081\" class=\"elementor elementor-4081\" data-elementor-post-type=\"page\">\n\t\t\t\t\t\t<section class=\"elementor-section elementor-top-section elementor-element elementor-element-ac2d11e elementor-section-height-min-height elementor-section-boxed elementor-section-height-default elementor-section-items-middle\" data-id=\"ac2d11e\" data-element_type=\"section\" data-settings=\"{&quot;background_background&quot;:&quot;classic&quot;}\">\n\t\t\t\t\t\t<div class=\"elementor-container elementor-column-gap-default\">\n\t\t\t\t\t<div class=\"elementor-column elementor-col-100 elementor-top-column elementor-element elementor-element-dca7634\" data-id=\"dca7634\" data-element_type=\"column\">\n\t\t\t<div class=\"elementor-widget-wrap\">\n\t\t\t\t\t\t\t<\/div>\n\t\t<\/div>\n\t\t\t\t\t<\/div>\n\t\t<\/section>\n\t\t\t\t<section class=\"elementor-section elementor-top-section elementor-element elementor-element-78683110 elementor-section-boxed elementor-section-height-default elementor-section-height-default\" data-id=\"78683110\" data-element_type=\"section\">\n\t\t\t\t\t\t<div class=\"elementor-container elementor-column-gap-default\">\n\t\t\t\t\t<div class=\"elementor-column elementor-col-100 elementor-top-column elementor-element elementor-element-6817a86e\" data-id=\"6817a86e\" data-element_type=\"column\">\n\t\t\t<div class=\"elementor-widget-wrap elementor-element-populated\">\n\t\t\t\t\t\t<div class=\"elementor-element elementor-element-199b7730 elementor-widget elementor-widget-heading\" data-id=\"199b7730\" data-element_type=\"widget\" data-widget_type=\"heading.default\">\n\t\t\t\t\t<h1 class=\"elementor-heading-title elementor-size-default\">Furniture prototypes <\/h1>\t\t\t\t<\/div>\n\t\t\t\t<div class=\"elementor-element elementor-element-3366406d elementor-widget elementor-widget-text-editor\" data-id=\"3366406d\" data-element_type=\"widget\" data-widget_type=\"text-editor.default\">\n\t\t\t\t\t\t\t\t\t<p class=\"translation-block\">Sustainability and customization are the main drivers or priorities of inventors and companies with whom we have worked on the design and manufacturing of furniture prototypes. In this sector, the main challenges taken on by Let's Prototypehave focused on:<\/p><p class=\"translation-block\">Manufacturing of customizable furniture, so that the user can refresh the appearance of his home furnishings without having to replace them. This furniture prototype entails a thorough analysis of different alternatives to achieve an excellent user experience.<\/p><p><span style=\"font-weight: 400;\">Working with wood veneers and organic materials less than 1\/32\u201d (1 mm) thick.\u00a0<\/span><\/p><p><span style=\"font-weight: 400;\">Creation of furniture prototypes in keeping with sustainable principles.<\/span><\/p><p class=\"translation-block\">Design of parts and mechanisms enabling the transformation of prototypes based on available space and users\u2019 needs.<\/p><p class=\"translation-block\">Generally, we\u2019ve worked with private inventors and SMEs with innovative proposals in the world of interior design. As a whole, all have found Let's Prototype to be the right partner to manufacture their furniture prototypes, as well as to obtain solutions related to these prototypes that make it possible not only to demonstrate their technical feasibility, but also the technical documentation required for an efficient industrialization process.<\/p>\t\t\t\t\t\t\t\t<\/div>\n\t\t\t\t<div class=\"elementor-element elementor-element-536cc458 elementor-widget elementor-widget-spacer\" data-id=\"536cc458\" data-element_type=\"widget\" data-widget_type=\"spacer.default\">\n\t\t\t\t\t\t\t<div class=\"elementor-spacer\">\n\t\t\t<div class=\"elementor-spacer-inner\"><\/div>\n\t\t<\/div>\n\t\t\t\t\t\t<\/div>\n\t\t\t\t<div class=\"elementor-element elementor-element-2a727dfa elementor-widget elementor-widget-heading\" data-id=\"2a727dfa\" data-element_type=\"widget\" data-widget_type=\"heading.default\">\n\t\t\t\t\t<h2 class=\"elementor-heading-title elementor-size-default\">Let\u2019s talk about your project<\/h2>\t\t\t\t<\/div>\n\t\t\t\t<div class=\"elementor-element elementor-element-533c7430 elementor-widget__width-initial elementor-widget-tablet__width-initial elementor-button-align-stretch elementor-widget elementor-widget-form\" data-id=\"533c7430\" data-element_type=\"widget\" data-settings=\"{&quot;step_next_label&quot;:&quot;Next&quot;,&quot;step_previous_label&quot;:&quot;Previous&quot;,&quot;button_width&quot;:&quot;100&quot;,&quot;step_type&quot;:&quot;number_text&quot;,&quot;step_icon_shape&quot;:&quot;circle&quot;}\" data-widget_type=\"form.default\">\n\t\t\t\t\t\t\t<form class=\"elementor-form\" method=\"post\" name=\"Formulario Protot\u00e9cnica\" aria-label=\"Formulario Protot\u00e9cnica\" action=\"\">\n\t\t\t<input type=\"hidden\" name=\"post_id\" value=\"4081\"\/>\n\t\t\t<input type=\"hidden\" name=\"form_id\" value=\"533c7430\"\/>\n\t\t\t<input type=\"hidden\" name=\"referer_title\" value=\"Prototipos de muebles - Let&#039;s Prototype\" \/>\n\n\t\t\t\t\t\t\t<input type=\"hidden\" name=\"queried_id\" value=\"4081\"\/>\n\t\t\t\n\t\t\t<div class=\"elementor-form-fields-wrapper elementor-labels-above\">\n\t\t\t\t\t\t\t\t<div class=\"elementor-field-type-text elementor-field-group elementor-column elementor-field-group-name elementor-col-100 elementor-field-required\">\n\t\t\t\t\t\t\t\t\t\t\t\t\t<input size=\"1\" type=\"text\" name=\"form_fields[name]\" id=\"form-field-name\" class=\"elementor-field elementor-size-sm  elementor-field-textual\" placeholder=\"Name\" required=\"required\">\n\t\t\t\t\t\t\t\t\t\t\t<\/div>\n\t\t\t\t\t\t\t\t<div class=\"elementor-field-type-email elementor-field-group elementor-column elementor-field-group-email elementor-col-60 elementor-field-required\">\n\t\t\t\t\t\t\t\t\t\t\t\t\t<input size=\"1\" type=\"email\" name=\"form_fields[email]\" id=\"form-field-email\" class=\"elementor-field elementor-size-sm  elementor-field-textual\" placeholder=\"email\" required=\"required\">\n\t\t\t\t\t\t\t\t\t\t\t<\/div>\n\t\t\t\t\t\t\t\t<div class=\"elementor-field-type-tel elementor-field-group elementor-column elementor-field-group-message elementor-col-33 elementor-field-required\">\n\t\t\t\t\t\t\t<input size=\"1\" type=\"tel\" name=\"form_fields[message]\" id=\"form-field-message\" class=\"elementor-field elementor-size-sm  elementor-field-textual\" placeholder=\"phone\" required=\"required\" pattern=\"[0-9()#&amp;+*-=.]+\" title=\"Only numbers and phone characters (#, -, *, etc) are accepted.\" data-no-translation-title=\"\">\n\n\t\t\t\t\t\t<\/div>\n\t\t\t\t\t\t\t\t<div class=\"elementor-field-group elementor-column elementor-field-type-submit elementor-col-100 e-form__buttons\">\n\t\t\t\t\t<button class=\"elementor-button elementor-size-sm\" type=\"submit\">\n\t\t\t\t\t\t<span class=\"elementor-button-content-wrapper\">\n\t\t\t\t\t\t\t\t\t\t\t\t\t\t\t\t\t\t\t\t\t\t<span class=\"elementor-button-text\">Send<\/span>\n\t\t\t\t\t\t\t\t\t\t\t\t\t<\/span>\n\t\t\t\t\t<\/button>\n\t\t\t\t<\/div>\n\t\t\t<\/div>\n\t\t<input type=\"hidden\" name=\"trp-form-language\" value=\"en\"\/><\/form>\n\t\t\t\t\t\t<\/div>\n\t\t\t\t\t<\/div>\n\t\t<\/div>\n\t\t\t\t\t<\/div>\n\t\t<\/section>\n\t\t\t\t<\/div>\n\t\t\n\n<div class=\"kk-star-ratings kksr-auto kksr-align-center kksr-valign-bottom\"\n    data-payload='{&quot;align&quot;:&quot;center&quot;,&quot;id&quot;:&quot;4081&quot;,&quot;slug&quot;:&quot;default&quot;,&quot;valign&quot;:&quot;bottom&quot;,&quot;ignore&quot;:&quot;&quot;,&quot;reference&quot;:&quot;auto&quot;,&quot;class&quot;:&quot;&quot;,&quot;count&quot;:&quot;0&quot;,&quot;legendonly&quot;:&quot;&quot;,&quot;readonly&quot;:&quot;&quot;,&quot;score&quot;:&quot;0&quot;,&quot;starsonly&quot;:&quot;&quot;,&quot;best&quot;:&quot;5&quot;,&quot;gap&quot;:&quot;5&quot;,&quot;greet&quot;:&quot;Valorar este page&quot;,&quot;legend&quot;:&quot;0\\\/5 - (0 votes)&quot;,&quot;size&quot;:&quot;24&quot;,&quot;title&quot;:&quot;Prototipos de muebles&quot;,&quot;width&quot;:&quot;0&quot;,&quot;_legend&quot;:&quot;{score}\\\/{best} - ({count} {votes})&quot;,&quot;font_factor&quot;:&quot;1.25&quot;}'>\n            \n<div class=\"kksr-stars\">\n    \n<div class=\"kksr-stars-inactive\">\n            <div class=\"kksr-star\" data-star=\"1\" style=\"padding-right: 5px\">\n            \n\n<div class=\"kksr-icon\" style=\"width: 24px; height: 24px;\"><\/div>\n        <\/div>\n            <div class=\"kksr-star\" data-star=\"2\" style=\"padding-right: 5px\">\n            \n\n<div class=\"kksr-icon\" style=\"width: 24px; height: 24px;\"><\/div>\n        <\/div>\n            <div class=\"kksr-star\" data-star=\"3\" style=\"padding-right: 5px\">\n            \n\n<div class=\"kksr-icon\" style=\"width: 24px; height: 24px;\"><\/div>\n        <\/div>\n            <div class=\"kksr-star\" data-star=\"4\" style=\"padding-right: 5px\">\n            \n\n<div class=\"kksr-icon\" style=\"width: 24px; height: 24px;\"><\/div>\n        <\/div>\n            <div class=\"kksr-star\" data-star=\"5\" style=\"padding-right: 5px\">\n            \n\n<div class=\"kksr-icon\" style=\"width: 24px; height: 24px;\"><\/div>\n        <\/div>\n    <\/div>\n    \n<div class=\"kksr-stars-active\" style=\"width: 0px;\">\n            <div class=\"kksr-star\" style=\"padding-right: 5px\">\n            \n\n<div class=\"kksr-icon\" style=\"width: 24px; height: 24px;\"><\/div>\n        <\/div>\n            <div class=\"kksr-star\" style=\"padding-right: 5px\">\n            \n\n<div class=\"kksr-icon\" style=\"width: 24px; height: 24px;\"><\/div>\n        <\/div>\n            <div class=\"kksr-star\" style=\"padding-right: 5px\">\n            \n\n<div class=\"kksr-icon\" style=\"width: 24px; height: 24px;\"><\/div>\n        <\/div>\n            <div class=\"kksr-star\" style=\"padding-right: 5px\">\n            \n\n<div class=\"kksr-icon\" style=\"width: 24px; height: 24px;\"><\/div>\n        <\/div>\n            <div class=\"kksr-star\" style=\"padding-right: 5px\">\n            \n\n<div class=\"kksr-icon\" style=\"width: 24px; height: 24px;\"><\/div>\n        <\/div>\n    <\/div>\n<\/div>\n                \n\n<div class=\"kksr-legend\" style=\"font-size: 19.2px;\">\n            <span class=\"kksr-muted\">Valorar este page<\/span>\n    <\/div>\n    <\/div>","protected":false},"excerpt":{"rendered":"<p>Prototipos de muebles La sostenibilidad y la customizaci\u00f3n, son los principales drivers o prioridades de los inventores y empresas con las que hemos trabajado en el dise\u00f1o y fabricaci\u00f3n de prototipos de muebles. en este sector, los principales retos asumidos por Let&#8217;s Prototype, se han centrado en: Fabricaci\u00f3n de muebles customizables, de forma que el [&hellip;]<\/p>","protected":false},"author":1,"featured_media":4238,"parent":0,"menu_order":0,"comment_status":"closed","ping_status":"closed","template":"","meta":{"site-sidebar-layout":"no-sidebar","site-content-layout":"page-builder","ast-site-content-layout":"","site-content-style":"default","site-sidebar-style":"default","ast-global-header-display":"","ast-banner-title-visibility":"","ast-main-header-display":"","ast-hfb-above-header-display":"","ast-hfb-below-header-display":"","ast-hfb-mobile-header-display":"","site-post-title":"disabled","ast-breadcrumbs-content":"","ast-featured-img":"disabled","footer-sml-layout":"","theme-transparent-header-meta":"","adv-header-id-meta":"","stick-header-meta":"","header-above-stick-meta":"","header-main-stick-meta":"","header-below-stick-meta":"","astra-migrate-meta-layouts":"default","ast-page-background-enabled":"default","ast-page-background-meta":{"desktop":{"background-color":"var(--ast-global-color-4)","background-image":"","background-repeat":"repeat","background-position":"center center","background-size":"auto","background-attachment":"scroll","background-type":"","background-media":"","overlay-type":"","overlay-color":"","overlay-gradient":""},"tablet":{"background-color":"","background-image":"","background-repeat":"repeat","background-position":"center center","background-size":"auto","background-attachment":"scroll","background-type":"","background-media":"","overlay-type":"","overlay-color":"","overlay-gradient":""},"mobile":{"background-color":"","background-image":"","background-repeat":"repeat","background-position":"center center","background-size":"auto","background-attachment":"scroll","background-type":"","background-media":"","overlay-type":"","overlay-color":"","overlay-gradient":""}},"ast-content-background-meta":{"desktop":{"background-color":"var(--ast-global-color-5)","background-image":"","background-repeat":"repeat","background-position":"center center","background-size":"auto","background-attachment":"scroll","background-type":"","background-media":"","overlay-type":"","overlay-color":"","overlay-gradient":""},"tablet":{"background-color":"var(--ast-global-color-5)","background-image":"","background-repeat":"repeat","background-position":"center center","background-size":"auto","background-attachment":"scroll","background-type":"","background-media":"","overlay-type":"","overlay-color":"","overlay-gradient":""},"mobile":{"background-color":"var(--ast-global-color-5)","background-image":"","background-repeat":"repeat","background-position":"center center","background-size":"auto","background-attachment":"scroll","background-type":"","background-media":"","overlay-type":"","overlay-color":"","overlay-gradient":""}},"footnotes":""},"class_list":["post-4081","page","type-page","status-publish","has-post-thumbnail","hentry"],"yoast_head":"<!-- This site is optimized with the Yoast SEO Premium plugin v27.3 (Yoast SEO v27.3) - https:\/\/yoast.com\/product\/yoast-seo-premium-wordpress\/ -->\n<title>Prototipos de muebles - Let&#039;s Prototype<\/title>\n<meta name=\"description\" content=\"Fabricaci\u00f3n de prototipos de muebles. Dise\u00f1amos y fabricamos prototipos relacionados con los muebles de uso dom\u00e9stico.\" \/>\n<meta name=\"robots\" content=\"index, follow, max-snippet:-1, max-image-preview:large, max-video-preview:-1\" \/>\n<link rel=\"canonical\" href=\"https:\/\/letsprototype.com\/en\/furniture-prototypes-design\/\" \/>\n<meta property=\"og:locale\" content=\"en_US\" \/>\n<meta property=\"og:type\" content=\"article\" \/>\n<meta property=\"og:title\" content=\"Prototipos de muebles\" \/>\n<meta property=\"og:description\" content=\"Fabricaci\u00f3n de prototipos de muebles. Dise\u00f1amos y fabricamos prototipos relacionados con los muebles de uso dom\u00e9stico.\" \/>\n<meta property=\"og:url\" content=\"https:\/\/letsprototype.com\/en\/furniture-prototypes-design\/\" \/>\n<meta property=\"og:site_name\" content=\"Let&#039;s Prototype\" \/>\n<meta property=\"article:publisher\" content=\"https:\/\/www.facebook.com\/letsprototype\" \/>\n<meta property=\"article:modified_time\" content=\"2024-08-05T20:16:30+00:00\" \/>\n<meta property=\"og:image\" content=\"https:\/\/letsprototype.com\/wp-content\/uploads\/2022\/03\/prototipos-de-muebles-min.png\" \/>\n\t<meta property=\"og:image:width\" content=\"1220\" \/>\n\t<meta property=\"og:image:height\" content=\"400\" \/>\n\t<meta property=\"og:image:type\" content=\"image\/png\" \/>\n<meta name=\"twitter:card\" content=\"summary_large_image\" \/>\n<meta name=\"twitter:label1\" content=\"Est. reading time\" \/>\n\t<meta name=\"twitter:data1\" content=\"1 minute\" \/>\n<script type=\"application\/ld+json\" class=\"yoast-schema-graph\">{\"@context\":\"https:\\\/\\\/schema.org\",\"@graph\":[{\"@type\":\"WebPage\",\"@id\":\"https:\\\/\\\/letsprototype.com\\\/prototipos-de-muebles\\\/\",\"url\":\"https:\\\/\\\/letsprototype.com\\\/prototipos-de-muebles\\\/\",\"name\":\"Prototipos de muebles - Let&#039;s Prototype\",\"isPartOf\":{\"@id\":\"https:\\\/\\\/letsprototype.com\\\/#website\"},\"primaryImageOfPage\":{\"@id\":\"https:\\\/\\\/letsprototype.com\\\/prototipos-de-muebles\\\/#primaryimage\"},\"image\":{\"@id\":\"https:\\\/\\\/letsprototype.com\\\/prototipos-de-muebles\\\/#primaryimage\"},\"thumbnailUrl\":\"https:\\\/\\\/cdn.letsprototype.com\\\/wp-content\\\/uploads\\\/2022\\\/03\\\/prototipos-de-muebles-min.png\",\"datePublished\":\"2022-03-29T09:47:36+00:00\",\"dateModified\":\"2024-08-05T20:16:30+00:00\",\"description\":\"Fabricaci\u00f3n de prototipos de muebles. Dise\u00f1amos y fabricamos prototipos relacionados con los muebles de uso dom\u00e9stico.\",\"breadcrumb\":{\"@id\":\"https:\\\/\\\/letsprototype.com\\\/prototipos-de-muebles\\\/#breadcrumb\"},\"inLanguage\":\"en-US\",\"potentialAction\":[{\"@type\":\"ReadAction\",\"target\":[\"https:\\\/\\\/letsprototype.com\\\/prototipos-de-muebles\\\/\"]}]},{\"@type\":\"ImageObject\",\"inLanguage\":\"en-US\",\"@id\":\"https:\\\/\\\/letsprototype.com\\\/prototipos-de-muebles\\\/#primaryimage\",\"url\":\"https:\\\/\\\/cdn.letsprototype.com\\\/wp-content\\\/uploads\\\/2022\\\/03\\\/prototipos-de-muebles-min.png\",\"contentUrl\":\"https:\\\/\\\/cdn.letsprototype.com\\\/wp-content\\\/uploads\\\/2022\\\/03\\\/prototipos-de-muebles-min.png\",\"width\":1220,\"height\":400,\"caption\":\"Dise\u00f1o y fabricaci\u00f3n de prototipos de muebles. Innovaci\u00f3n de muebles. Laboratorio de fabricaci\u00f3n de muebles innovadores\"},{\"@type\":\"BreadcrumbList\",\"@id\":\"https:\\\/\\\/letsprototype.com\\\/prototipos-de-muebles\\\/#breadcrumb\",\"itemListElement\":[{\"@type\":\"ListItem\",\"position\":1,\"name\":\"Portada\",\"item\":\"https:\\\/\\\/letsprototype.com\\\/\"},{\"@type\":\"ListItem\",\"position\":2,\"name\":\"Prototipos de muebles\"}]},{\"@type\":\"WebSite\",\"@id\":\"https:\\\/\\\/letsprototype.com\\\/#website\",\"url\":\"https:\\\/\\\/letsprototype.com\\\/\",\"name\":\"Let's Prototype\",\"description\":\"Especialistas en dise\u00f1o y fabricaci\u00f3n de prototipos\",\"publisher\":{\"@id\":\"https:\\\/\\\/letsprototype.com\\\/#organization\"},\"alternateName\":\"Empresa de dise\u00f1o y fabricaci\u00f3n de Productos\",\"potentialAction\":[{\"@type\":\"SearchAction\",\"target\":{\"@type\":\"EntryPoint\",\"urlTemplate\":\"https:\\\/\\\/letsprototype.com\\\/?s={search_term_string}\"},\"query-input\":{\"@type\":\"PropertyValueSpecification\",\"valueRequired\":true,\"valueName\":\"search_term_string\"}}],\"inLanguage\":\"en-US\"},{\"@type\":\"Organization\",\"@id\":\"https:\\\/\\\/letsprototype.com\\\/#organization\",\"name\":\"Let\u00b4s Prototype\",\"alternateName\":\"Let\u00b4s Prototype\",\"url\":\"https:\\\/\\\/letsprototype.com\\\/\",\"logo\":{\"@type\":\"ImageObject\",\"inLanguage\":\"en-US\",\"@id\":\"https:\\\/\\\/letsprototype.com\\\/#\\\/schema\\\/logo\\\/image\\\/\",\"url\":\"https:\\\/\\\/cdn.letsprototype.com\\\/wp-content\\\/uploads\\\/2022\\\/07\\\/cropped-LESTPROTOTYPE-5.png\",\"contentUrl\":\"https:\\\/\\\/cdn.letsprototype.com\\\/wp-content\\\/uploads\\\/2022\\\/07\\\/cropped-LESTPROTOTYPE-5.png\",\"width\":512,\"height\":512,\"caption\":\"Let\u00b4s Prototype\"},\"image\":{\"@id\":\"https:\\\/\\\/letsprototype.com\\\/#\\\/schema\\\/logo\\\/image\\\/\"},\"sameAs\":[\"https:\\\/\\\/www.facebook.com\\\/letsprototype\",\"https:\\\/\\\/www.linkedin.com\\\/company\\\/letsprototype\\\/\",\"https:\\\/\\\/www.thumbtack.com\\\/fl\\\/miami\\\/cad-design\\\/lets-prototype\\\/service\\\/467614067578683401\",\"https:\\\/\\\/www.youtube.com\\\/@letsprototype-productdevel3398\"],\"description\":\"Agencia de innovaci\u00f3n y desarrollo de productos. Especialistas en desarrollo de productos innovadores y fabricaci\u00f3n de prototipos con laboratorios f\u00edsicos en Madrid, Espa\u00f1a y Miami, Estados Unidos.\",\"email\":\"hello@letsprototype.com\",\"telephone\":\"34619687023\",\"legalName\":\"San Juan Ingenieros\",\"foundingDate\":\"2006-11-03\",\"vatID\":\"B11852951\",\"iso6523Code\":\"9001\",\"numberOfEmployees\":{\"@type\":\"QuantitativeValue\",\"minValue\":\"11\",\"maxValue\":\"50\"}}]}<\/script>\n<!-- \/ Yoast SEO Premium plugin. -->","yoast_head_json":{"title":"Furniture Prototypes Design","description":"Manufacturing of Furniture Prototypes. We design and manufacture prototypes related to domestic furniture.","robots":{"index":"index","follow":"follow","max-snippet":"max-snippet:-1","max-image-preview":"max-image-preview:large","max-video-preview":"max-video-preview:-1"},"canonical":"https:\/\/letsprototype.com\/en\/furniture-prototypes-design\/","og_locale":"en_US","og_type":"article","og_title":"Prototipos de muebles","og_description":"Fabricaci\u00f3n de prototipos de muebles. Dise\u00f1amos y fabricamos prototipos relacionados con los muebles de uso dom\u00e9stico.","og_url":"https:\/\/letsprototype.com\/en\/furniture-prototypes-design\/","og_site_name":"Let&#039;s Prototype","article_publisher":"https:\/\/www.facebook.com\/letsprototype","article_modified_time":"2024-08-05T20:16:30+00:00","og_image":[{"width":1220,"height":400,"url":"https:\/\/letsprototype.com\/wp-content\/uploads\/2022\/03\/prototipos-de-muebles-min.png","type":"image\/png"}],"twitter_card":"summary_large_image","twitter_misc":{"Est. reading time":"1 minute"},"schema":{"@context":"https:\/\/schema.org","@graph":[{"@type":"WebPage","@id":"https:\/\/letsprototype.com\/prototipos-de-muebles\/","url":"https:\/\/letsprototype.com\/prototipos-de-muebles\/","name":"Furniture Prototypes Design","isPartOf":{"@id":"https:\/\/letsprototype.com\/#website"},"primaryImageOfPage":{"@id":"https:\/\/letsprototype.com\/prototipos-de-muebles\/#primaryimage"},"image":{"@id":"https:\/\/letsprototype.com\/prototipos-de-muebles\/#primaryimage"},"thumbnailUrl":"https:\/\/cdn.letsprototype.com\/wp-content\/uploads\/2022\/03\/prototipos-de-muebles-min.png","datePublished":"2022-03-29T09:47:36+00:00","dateModified":"2024-08-05T20:16:30+00:00","description":"Manufacturing of Furniture Prototypes. We design and manufacture prototypes related to domestic furniture.","breadcrumb":{"@id":"https:\/\/letsprototype.com\/prototipos-de-muebles\/#breadcrumb"},"inLanguage":"en-US","potentialAction":[{"@type":"ReadAction","target":["https:\/\/letsprototype.com\/prototipos-de-muebles\/"]}]},{"@type":"ImageObject","inLanguage":"en-US","@id":"https:\/\/letsprototype.com\/prototipos-de-muebles\/#primaryimage","url":"https:\/\/cdn.letsprototype.com\/wp-content\/uploads\/2022\/03\/prototipos-de-muebles-min.png","contentUrl":"https:\/\/cdn.letsprototype.com\/wp-content\/uploads\/2022\/03\/prototipos-de-muebles-min.png","width":1220,"height":400,"caption":"Dise\u00f1o y fabricaci\u00f3n de prototipos de muebles. Innovaci\u00f3n de muebles. Laboratorio de fabricaci\u00f3n de muebles innovadores"},{"@type":"BreadcrumbList","@id":"https:\/\/letsprototype.com\/prototipos-de-muebles\/#breadcrumb","itemListElement":[{"@type":"ListItem","position":1,"name":"Portada","item":"https:\/\/letsprototype.com\/"},{"@type":"ListItem","position":2,"name":"Prototipos de muebles"}]},{"@type":"WebSite","@id":"https:\/\/letsprototype.com\/#website","url":"https:\/\/letsprototype.com\/","name":"Let's Prototype","description":"Especialistas en dise\u00f1o y fabricaci\u00f3n de prototipos","publisher":{"@id":"https:\/\/letsprototype.com\/#organization"},"alternateName":"Empresa de dise\u00f1o y fabricaci\u00f3n de Productos","potentialAction":[{"@type":"SearchAction","target":{"@type":"EntryPoint","urlTemplate":"https:\/\/letsprototype.com\/?s={search_term_string}"},"query-input":{"@type":"PropertyValueSpecification","valueRequired":true,"valueName":"search_term_string"}}],"inLanguage":"en-US"},{"@type":"Organization","@id":"https:\/\/letsprototype.com\/#organization","name":"Let\u00b4s Prototype","alternateName":"Let\u00b4s Prototype","url":"https:\/\/letsprototype.com\/","logo":{"@type":"ImageObject","inLanguage":"en-US","@id":"https:\/\/letsprototype.com\/#\/schema\/logo\/image\/","url":"https:\/\/cdn.letsprototype.com\/wp-content\/uploads\/2022\/07\/cropped-LESTPROTOTYPE-5.png","contentUrl":"https:\/\/cdn.letsprototype.com\/wp-content\/uploads\/2022\/07\/cropped-LESTPROTOTYPE-5.png","width":512,"height":512,"caption":"Let\u00b4s Prototype"},"image":{"@id":"https:\/\/letsprototype.com\/#\/schema\/logo\/image\/"},"sameAs":["https:\/\/www.facebook.com\/letsprototype","https:\/\/www.linkedin.com\/company\/letsprototype\/","https:\/\/www.thumbtack.com\/fl\/miami\/cad-design\/lets-prototype\/service\/467614067578683401","https:\/\/www.youtube.com\/@letsprototype-productdevel3398"],"description":"Agencia de innovaci\u00f3n y desarrollo de productos. Especialistas en desarrollo de productos innovadores y fabricaci\u00f3n de prototipos con laboratorios f\u00edsicos en Madrid, Espa\u00f1a y Miami, Estados Unidos.","email":"hello@letsprototype.com","telephone":"34619687023","legalName":"San Juan Ingenieros","foundingDate":"2006-11-03","vatID":"B11852951","iso6523Code":"9001","numberOfEmployees":{"@type":"QuantitativeValue","minValue":"11","maxValue":"50"}}]}},"_links":{"self":[{"href":"https:\/\/letsprototype.com\/en\/wp-json\/wp\/v2\/pages\/4081","targetHints":{"allow":["GET"]}}],"collection":[{"href":"https:\/\/letsprototype.com\/en\/wp-json\/wp\/v2\/pages"}],"about":[{"href":"https:\/\/letsprototype.com\/en\/wp-json\/wp\/v2\/types\/page"}],"author":[{"embeddable":true,"href":"https:\/\/letsprototype.com\/en\/wp-json\/wp\/v2\/users\/1"}],"replies":[{"embeddable":true,"href":"https:\/\/letsprototype.com\/en\/wp-json\/wp\/v2\/comments?post=4081"}],"version-history":[{"count":0,"href":"https:\/\/letsprototype.com\/en\/wp-json\/wp\/v2\/pages\/4081\/revisions"}],"wp:featuredmedia":[{"embeddable":true,"href":"https:\/\/letsprototype.com\/en\/wp-json\/wp\/v2\/media\/4238"}],"wp:attachment":[{"href":"https:\/\/letsprototype.com\/en\/wp-json\/wp\/v2\/media?parent=4081"}],"curies":[{"name":"wp","href":"https:\/\/api.w.org\/{rel}","templated":true}]}}