{"id":4057,"date":"2022-03-29T09:43:05","date_gmt":"2022-03-29T09:43:05","guid":{"rendered":"https:\/\/prototecnica.es\/?page_id=4057"},"modified":"2022-07-27T08:16:39","modified_gmt":"2022-07-27T08:16:39","slug":"industrial-robot-prototypes","status":"publish","type":"page","link":"https:\/\/letsprototype.com\/en\/industrial-robot-prototypes\/","title":{"rendered":"Industrial robot prototypes"},"content":{"rendered":"<div data-elementor-type=\"wp-page\" data-elementor-id=\"4057\" class=\"elementor elementor-4057\" data-elementor-post-type=\"page\">\n\t\t\t\t\t\t<section class=\"elementor-section elementor-top-section elementor-element elementor-element-ea3531e elementor-section-height-min-height elementor-section-boxed elementor-section-height-default elementor-section-items-middle\" data-id=\"ea3531e\" data-element_type=\"section\" data-settings=\"{&quot;background_background&quot;:&quot;classic&quot;}\">\n\t\t\t\t\t\t<div class=\"elementor-container elementor-column-gap-default\">\n\t\t\t\t\t<div class=\"elementor-column elementor-col-100 elementor-top-column elementor-element elementor-element-4222c36\" data-id=\"4222c36\" data-element_type=\"column\">\n\t\t\t<div class=\"elementor-widget-wrap\">\n\t\t\t\t\t\t\t<\/div>\n\t\t<\/div>\n\t\t\t\t\t<\/div>\n\t\t<\/section>\n\t\t\t\t<section class=\"elementor-section elementor-top-section elementor-element elementor-element-7cc81fba elementor-section-boxed elementor-section-height-default elementor-section-height-default\" data-id=\"7cc81fba\" data-element_type=\"section\">\n\t\t\t\t\t\t<div class=\"elementor-container elementor-column-gap-default\">\n\t\t\t\t\t<div class=\"elementor-column elementor-col-100 elementor-top-column elementor-element elementor-element-78d747fe\" data-id=\"78d747fe\" data-element_type=\"column\">\n\t\t\t<div class=\"elementor-widget-wrap elementor-element-populated\">\n\t\t\t\t\t\t<div class=\"elementor-element elementor-element-20bf90cb elementor-widget elementor-widget-heading\" data-id=\"20bf90cb\" data-element_type=\"widget\" data-widget_type=\"heading.default\">\n\t\t\t\t\t<h2 class=\"elementor-heading-title elementor-size-default\">Industrial robot prototypes<\/h2>\t\t\t\t<\/div>\n\t\t\t\t<div class=\"elementor-element elementor-element-440cbdb0 elementor-widget elementor-widget-text-editor\" data-id=\"440cbdb0\" data-element_type=\"widget\" data-widget_type=\"text-editor.default\">\n\t\t\t\t\t\t\t\t\t<p class=\"translation-block\">As part of our professional footprint of working hand-in-hand with medium and large companies, we develop industrial solutions of use for the automation of processes that, up to this time, have not become widespread in the marketplace. It should be noted that at Let's Prototype we do not specialize in third-party technology implementation processes; our key activity in terms of industrial robot prototypes consists of analyzing processes that can be automated, in order to analyze and, as applicable, manufacture solutions that enable the testing of said robots\u2019 functions in a reduced period of time. This capability allows our industrial clients to support competitive advantages in a sector in which it is increasingly harder to compete.<\/p><p class=\"translation-block\">Our industrial robot prototype research and manufacturing line also works together with productivity consultants who design robot solutions that are subsequently analyzed and, if applicable, manufactured by Let's Prototype.<\/p><p><span style=\"font-weight: 400;\">Our professional footprint in terms of manufacturing industrial robot prototypes has required that we:<\/span><\/p><p><span style=\"font-weight: 400;\">Include automatic and periodic quality testing of production lines that have already been roboticized.\u00a0<\/span><\/p><p><span style=\"font-weight: 400;\">Develop robots to automate and control the cleaning of industrial spaces, where hygiene was a critical element.\u00a0<\/span><\/p><p class=\"translation-block\">Conduct an engineering study and subsequently manufacture industrial robot prototypes capable of returning to a surface, in real time, any elements extracted from such surface during cleaning processes.<\/p><p class=\"translation-block\">Develop industrial robot prototypes capable of polishing and disinfecting any type of mobile device.<\/p><p class=\"translation-block\">Industrial robot prototypes with different uses, such as: bending wires into specific shapes, making secure knots with special cords by automated means, packing products, cleaning electronic devices, automating food preparation processes, automated systems for tracking products.<\/p>\t\t\t\t\t\t\t\t<\/div>\n\t\t\t\t<div class=\"elementor-element elementor-element-5e138fb8 elementor-widget elementor-widget-spacer\" data-id=\"5e138fb8\" data-element_type=\"widget\" data-widget_type=\"spacer.default\">\n\t\t\t\t\t\t\t<div class=\"elementor-spacer\">\n\t\t\t<div class=\"elementor-spacer-inner\"><\/div>\n\t\t<\/div>\n\t\t\t\t\t\t<\/div>\n\t\t\t\t<div class=\"elementor-element elementor-element-70d011fe elementor-widget elementor-widget-heading\" data-id=\"70d011fe\" data-element_type=\"widget\" data-widget_type=\"heading.default\">\n\t\t\t\t\t<h2 class=\"elementor-heading-title elementor-size-default\">Let\u2019s talk about your project<\/h2>\t\t\t\t<\/div>\n\t\t\t\t<div class=\"elementor-element elementor-element-645ca6ce elementor-widget__width-initial elementor-widget-tablet__width-initial elementor-button-align-stretch elementor-widget elementor-widget-form\" data-id=\"645ca6ce\" data-element_type=\"widget\" data-settings=\"{&quot;step_next_label&quot;:&quot;Next&quot;,&quot;step_previous_label&quot;:&quot;Previous&quot;,&quot;button_width&quot;:&quot;100&quot;,&quot;step_type&quot;:&quot;number_text&quot;,&quot;step_icon_shape&quot;:&quot;circle&quot;}\" data-widget_type=\"form.default\">\n\t\t\t\t\t\t\t<form class=\"elementor-form\" method=\"post\" name=\"Formulario Protot\u00e9cnica\" aria-label=\"Formulario Protot\u00e9cnica\" action=\"\">\n\t\t\t<input type=\"hidden\" name=\"post_id\" value=\"4057\"\/>\n\t\t\t<input type=\"hidden\" name=\"form_id\" value=\"645ca6ce\"\/>\n\t\t\t<input type=\"hidden\" name=\"referer_title\" value=\"Prototipos de robots industriales - Let&#039;s Prototype\" \/>\n\n\t\t\t\t\t\t\t<input type=\"hidden\" name=\"queried_id\" value=\"4057\"\/>\n\t\t\t\n\t\t\t<div class=\"elementor-form-fields-wrapper elementor-labels-above\">\n\t\t\t\t\t\t\t\t<div class=\"elementor-field-type-text elementor-field-group elementor-column elementor-field-group-name elementor-col-100 elementor-field-required\">\n\t\t\t\t\t\t\t\t\t\t\t\t\t<input size=\"1\" type=\"text\" name=\"form_fields[name]\" id=\"form-field-name\" class=\"elementor-field elementor-size-sm  elementor-field-textual\" placeholder=\"Name\" required=\"required\">\n\t\t\t\t\t\t\t\t\t\t\t<\/div>\n\t\t\t\t\t\t\t\t<div class=\"elementor-field-type-email elementor-field-group elementor-column elementor-field-group-email elementor-col-60 elementor-field-required\">\n\t\t\t\t\t\t\t\t\t\t\t\t\t<input size=\"1\" type=\"email\" name=\"form_fields[email]\" id=\"form-field-email\" class=\"elementor-field elementor-size-sm  elementor-field-textual\" placeholder=\"email\" required=\"required\">\n\t\t\t\t\t\t\t\t\t\t\t<\/div>\n\t\t\t\t\t\t\t\t<div class=\"elementor-field-type-tel elementor-field-group elementor-column elementor-field-group-message elementor-col-33 elementor-field-required\">\n\t\t\t\t\t\t\t<input size=\"1\" type=\"tel\" name=\"form_fields[message]\" id=\"form-field-message\" class=\"elementor-field elementor-size-sm  elementor-field-textual\" placeholder=\"phone\" required=\"required\" pattern=\"[0-9()#&amp;+*-=.]+\" title=\"Solo se aceptan n\u00fameros y caracteres de tel\u00e9fono (#,-,*,etc).\">\n\n\t\t\t\t\t\t<\/div>\n\t\t\t\t\t\t\t\t<div class=\"elementor-field-group elementor-column elementor-field-type-submit elementor-col-100 e-form__buttons\">\n\t\t\t\t\t<button class=\"elementor-button elementor-size-sm\" type=\"submit\">\n\t\t\t\t\t\t<span class=\"elementor-button-content-wrapper\">\n\t\t\t\t\t\t\t\t\t\t\t\t\t\t\t\t\t\t\t\t\t\t<span class=\"elementor-button-text\">Send<\/span>\n\t\t\t\t\t\t\t\t\t\t\t\t\t<\/span>\n\t\t\t\t\t<\/button>\n\t\t\t\t<\/div>\n\t\t\t<\/div>\n\t\t<input type=\"hidden\" name=\"trp-form-language\" value=\"en\"\/><\/form>\n\t\t\t\t\t\t<\/div>\n\t\t\t\t\t<\/div>\n\t\t<\/div>\n\t\t\t\t\t<\/div>\n\t\t<\/section>\n\t\t\t\t<\/div>\n\t\t\n\n<div class=\"kk-star-ratings kksr-auto kksr-align-center kksr-valign-bottom\"\n    data-payload='{&quot;align&quot;:&quot;center&quot;,&quot;id&quot;:&quot;4057&quot;,&quot;slug&quot;:&quot;default&quot;,&quot;valign&quot;:&quot;bottom&quot;,&quot;ignore&quot;:&quot;&quot;,&quot;reference&quot;:&quot;auto&quot;,&quot;class&quot;:&quot;&quot;,&quot;count&quot;:&quot;0&quot;,&quot;legendonly&quot;:&quot;&quot;,&quot;readonly&quot;:&quot;&quot;,&quot;score&quot;:&quot;0&quot;,&quot;starsonly&quot;:&quot;&quot;,&quot;best&quot;:&quot;5&quot;,&quot;gap&quot;:&quot;5&quot;,&quot;greet&quot;:&quot;Valorar este page&quot;,&quot;legend&quot;:&quot;0\\\/5 - (0 votes)&quot;,&quot;size&quot;:&quot;24&quot;,&quot;title&quot;:&quot;Prototipos de robots industriales&quot;,&quot;width&quot;:&quot;0&quot;,&quot;_legend&quot;:&quot;{score}\\\/{best} - ({count} {votes})&quot;,&quot;font_factor&quot;:&quot;1.25&quot;}'>\n            \n<div class=\"kksr-stars\">\n    \n<div class=\"kksr-stars-inactive\">\n            <div class=\"kksr-star\" data-star=\"1\" style=\"padding-right: 5px\">\n            \n\n<div class=\"kksr-icon\" style=\"width: 24px; height: 24px;\"><\/div>\n        <\/div>\n            <div class=\"kksr-star\" data-star=\"2\" style=\"padding-right: 5px\">\n            \n\n<div class=\"kksr-icon\" style=\"width: 24px; height: 24px;\"><\/div>\n        <\/div>\n            <div class=\"kksr-star\" data-star=\"3\" style=\"padding-right: 5px\">\n            \n\n<div class=\"kksr-icon\" style=\"width: 24px; height: 24px;\"><\/div>\n        <\/div>\n            <div class=\"kksr-star\" data-star=\"4\" style=\"padding-right: 5px\">\n            \n\n<div class=\"kksr-icon\" style=\"width: 24px; height: 24px;\"><\/div>\n        <\/div>\n            <div class=\"kksr-star\" data-star=\"5\" style=\"padding-right: 5px\">\n            \n\n<div class=\"kksr-icon\" style=\"width: 24px; height: 24px;\"><\/div>\n        <\/div>\n    <\/div>\n    \n<div class=\"kksr-stars-active\" style=\"width: 0px;\">\n            <div class=\"kksr-star\" style=\"padding-right: 5px\">\n            \n\n<div class=\"kksr-icon\" style=\"width: 24px; height: 24px;\"><\/div>\n        <\/div>\n            <div class=\"kksr-star\" style=\"padding-right: 5px\">\n            \n\n<div class=\"kksr-icon\" style=\"width: 24px; height: 24px;\"><\/div>\n        <\/div>\n            <div class=\"kksr-star\" style=\"padding-right: 5px\">\n            \n\n<div class=\"kksr-icon\" style=\"width: 24px; height: 24px;\"><\/div>\n        <\/div>\n            <div class=\"kksr-star\" style=\"padding-right: 5px\">\n            \n\n<div class=\"kksr-icon\" style=\"width: 24px; height: 24px;\"><\/div>\n        <\/div>\n            <div class=\"kksr-star\" style=\"padding-right: 5px\">\n            \n\n<div class=\"kksr-icon\" style=\"width: 24px; height: 24px;\"><\/div>\n        <\/div>\n    <\/div>\n<\/div>\n                \n\n<div class=\"kksr-legend\" style=\"font-size: 19.2px;\">\n            <span class=\"kksr-muted\">Valorar este page<\/span>\n    <\/div>\n    <\/div>","protected":false},"excerpt":{"rendered":"<p>Prototipos de robots industriales Como parte de nuestra huella profesional trabajando mano a mano con empresas de mediano y gran tama\u00f1o, desarrollamos soluciones industriales \u00fatiles para la automatizaci\u00f3n de procesos que, hasta el momento, no se han democratizado en el mercado. Vaya por delante que en Let&#8217;s Prototype, no nos especializamos en procesos de implantaci\u00f3n [&hellip;]<\/p>","protected":false},"author":1,"featured_media":4242,"parent":0,"menu_order":0,"comment_status":"closed","ping_status":"closed","template":"","meta":{"site-sidebar-layout":"no-sidebar","site-content-layout":"page-builder","ast-site-content-layout":"","site-content-style":"default","site-sidebar-style":"default","ast-global-header-display":"","ast-banner-title-visibility":"","ast-main-header-display":"","ast-hfb-above-header-display":"","ast-hfb-below-header-display":"","ast-hfb-mobile-header-display":"","site-post-title":"disabled","ast-breadcrumbs-content":"","ast-featured-img":"disabled","footer-sml-layout":"","theme-transparent-header-meta":"","adv-header-id-meta":"","stick-header-meta":"","header-above-stick-meta":"","header-main-stick-meta":"","header-below-stick-meta":"","astra-migrate-meta-layouts":"default","ast-page-background-enabled":"default","ast-page-background-meta":{"desktop":{"background-color":"var(--ast-global-color-4)","background-image":"","background-repeat":"repeat","background-position":"center center","background-size":"auto","background-attachment":"scroll","background-type":"","background-media":"","overlay-type":"","overlay-color":"","overlay-gradient":""},"tablet":{"background-color":"","background-image":"","background-repeat":"repeat","background-position":"center center","background-size":"auto","background-attachment":"scroll","background-type":"","background-media":"","overlay-type":"","overlay-color":"","overlay-gradient":""},"mobile":{"background-color":"","background-image":"","background-repeat":"repeat","background-position":"center center","background-size":"auto","background-attachment":"scroll","background-type":"","background-media":"","overlay-type":"","overlay-color":"","overlay-gradient":""}},"ast-content-background-meta":{"desktop":{"background-color":"var(--ast-global-color-5)","background-image":"","background-repeat":"repeat","background-position":"center center","background-size":"auto","background-attachment":"scroll","background-type":"","background-media":"","overlay-type":"","overlay-color":"","overlay-gradient":""},"tablet":{"background-color":"var(--ast-global-color-5)","background-image":"","background-repeat":"repeat","background-position":"center center","background-size":"auto","background-attachment":"scroll","background-type":"","background-media":"","overlay-type":"","overlay-color":"","overlay-gradient":""},"mobile":{"background-color":"var(--ast-global-color-5)","background-image":"","background-repeat":"repeat","background-position":"center center","background-size":"auto","background-attachment":"scroll","background-type":"","background-media":"","overlay-type":"","overlay-color":"","overlay-gradient":""}},"footnotes":""},"class_list":["post-4057","page","type-page","status-publish","has-post-thumbnail","hentry"],"yoast_head":"<!-- This site is optimized with the Yoast SEO Premium plugin v27.3 (Yoast SEO v27.3) - https:\/\/yoast.com\/product\/yoast-seo-premium-wordpress\/ -->\n<title>Prototipos de robots industriales - Let&#039;s Prototype<\/title>\n<meta name=\"description\" content=\"Dise\u00f1amos y fabricamos prototipos de robots industriales, \u00fatiles para automatizar procesos cr\u00edticos para las empresas-\" \/>\n<meta name=\"robots\" content=\"index, follow, max-snippet:-1, max-image-preview:large, max-video-preview:-1\" \/>\n<link rel=\"canonical\" href=\"https:\/\/letsprototype.com\/en\/industrial-robot-prototypes\/\" \/>\n<meta property=\"og:locale\" content=\"en_US\" \/>\n<meta property=\"og:type\" content=\"article\" \/>\n<meta property=\"og:title\" content=\"Prototipos de robots industriales\" \/>\n<meta property=\"og:description\" content=\"Dise\u00f1amos y fabricamos prototipos de robots industriales, \u00fatiles para automatizar procesos cr\u00edticos para las empresas-\" \/>\n<meta property=\"og:url\" content=\"https:\/\/letsprototype.com\/en\/industrial-robot-prototypes\/\" \/>\n<meta property=\"og:site_name\" content=\"Let&#039;s Prototype\" \/>\n<meta property=\"article:publisher\" content=\"https:\/\/www.facebook.com\/letsprototype\" \/>\n<meta property=\"article:modified_time\" content=\"2022-07-27T08:16:39+00:00\" \/>\n<meta property=\"og:image\" content=\"https:\/\/letsprototype.com\/wp-content\/uploads\/2022\/03\/prototipos-para-robots-industriales-min.png\" \/>\n\t<meta property=\"og:image:width\" content=\"1220\" \/>\n\t<meta property=\"og:image:height\" content=\"400\" \/>\n\t<meta property=\"og:image:type\" content=\"image\/png\" \/>\n<meta name=\"twitter:card\" content=\"summary_large_image\" \/>\n<meta name=\"twitter:label1\" content=\"Est. reading time\" \/>\n\t<meta name=\"twitter:data1\" content=\"2 minutes\" \/>\n<script type=\"application\/ld+json\" class=\"yoast-schema-graph\">{\"@context\":\"https:\\\/\\\/schema.org\",\"@graph\":[{\"@type\":\"WebPage\",\"@id\":\"https:\\\/\\\/letsprototype.com\\\/prototipos-de-robots-industriales\\\/\",\"url\":\"https:\\\/\\\/letsprototype.com\\\/prototipos-de-robots-industriales\\\/\",\"name\":\"Prototipos de robots industriales - Let&#039;s Prototype\",\"isPartOf\":{\"@id\":\"https:\\\/\\\/letsprototype.com\\\/#website\"},\"primaryImageOfPage\":{\"@id\":\"https:\\\/\\\/letsprototype.com\\\/prototipos-de-robots-industriales\\\/#primaryimage\"},\"image\":{\"@id\":\"https:\\\/\\\/letsprototype.com\\\/prototipos-de-robots-industriales\\\/#primaryimage\"},\"thumbnailUrl\":\"https:\\\/\\\/cdn.letsprototype.com\\\/wp-content\\\/uploads\\\/2022\\\/03\\\/prototipos-para-robots-industriales-min.png\",\"datePublished\":\"2022-03-29T09:43:05+00:00\",\"dateModified\":\"2022-07-27T08:16:39+00:00\",\"description\":\"Dise\u00f1amos y fabricamos prototipos de robots industriales, \u00fatiles para automatizar procesos cr\u00edticos para las empresas-\",\"breadcrumb\":{\"@id\":\"https:\\\/\\\/letsprototype.com\\\/prototipos-de-robots-industriales\\\/#breadcrumb\"},\"inLanguage\":\"en-US\",\"potentialAction\":[{\"@type\":\"ReadAction\",\"target\":[\"https:\\\/\\\/letsprototype.com\\\/prototipos-de-robots-industriales\\\/\"]}]},{\"@type\":\"ImageObject\",\"inLanguage\":\"en-US\",\"@id\":\"https:\\\/\\\/letsprototype.com\\\/prototipos-de-robots-industriales\\\/#primaryimage\",\"url\":\"https:\\\/\\\/cdn.letsprototype.com\\\/wp-content\\\/uploads\\\/2022\\\/03\\\/prototipos-para-robots-industriales-min.png\",\"contentUrl\":\"https:\\\/\\\/cdn.letsprototype.com\\\/wp-content\\\/uploads\\\/2022\\\/03\\\/prototipos-para-robots-industriales-min.png\",\"width\":1220,\"height\":400,\"caption\":\"fabricaci\u00f3n de robots de prototipos industriales.\"},{\"@type\":\"BreadcrumbList\",\"@id\":\"https:\\\/\\\/letsprototype.com\\\/prototipos-de-robots-industriales\\\/#breadcrumb\",\"itemListElement\":[{\"@type\":\"ListItem\",\"position\":1,\"name\":\"Portada\",\"item\":\"https:\\\/\\\/letsprototype.com\\\/\"},{\"@type\":\"ListItem\",\"position\":2,\"name\":\"Prototipos de robots industriales\"}]},{\"@type\":\"WebSite\",\"@id\":\"https:\\\/\\\/letsprototype.com\\\/#website\",\"url\":\"https:\\\/\\\/letsprototype.com\\\/\",\"name\":\"Let's Prototype\",\"description\":\"Especialistas en dise\u00f1o y fabricaci\u00f3n de prototipos\",\"publisher\":{\"@id\":\"https:\\\/\\\/letsprototype.com\\\/#organization\"},\"alternateName\":\"Empresa de dise\u00f1o y fabricaci\u00f3n de Productos\",\"potentialAction\":[{\"@type\":\"SearchAction\",\"target\":{\"@type\":\"EntryPoint\",\"urlTemplate\":\"https:\\\/\\\/letsprototype.com\\\/?s={search_term_string}\"},\"query-input\":{\"@type\":\"PropertyValueSpecification\",\"valueRequired\":true,\"valueName\":\"search_term_string\"}}],\"inLanguage\":\"en-US\"},{\"@type\":\"Organization\",\"@id\":\"https:\\\/\\\/letsprototype.com\\\/#organization\",\"name\":\"Let\u00b4s Prototype\",\"alternateName\":\"Let\u00b4s Prototype\",\"url\":\"https:\\\/\\\/letsprototype.com\\\/\",\"logo\":{\"@type\":\"ImageObject\",\"inLanguage\":\"en-US\",\"@id\":\"https:\\\/\\\/letsprototype.com\\\/#\\\/schema\\\/logo\\\/image\\\/\",\"url\":\"https:\\\/\\\/cdn.letsprototype.com\\\/wp-content\\\/uploads\\\/2022\\\/07\\\/cropped-LESTPROTOTYPE-5.png\",\"contentUrl\":\"https:\\\/\\\/cdn.letsprototype.com\\\/wp-content\\\/uploads\\\/2022\\\/07\\\/cropped-LESTPROTOTYPE-5.png\",\"width\":512,\"height\":512,\"caption\":\"Let\u00b4s Prototype\"},\"image\":{\"@id\":\"https:\\\/\\\/letsprototype.com\\\/#\\\/schema\\\/logo\\\/image\\\/\"},\"sameAs\":[\"https:\\\/\\\/www.facebook.com\\\/letsprototype\",\"https:\\\/\\\/www.linkedin.com\\\/company\\\/letsprototype\\\/\",\"https:\\\/\\\/www.thumbtack.com\\\/fl\\\/miami\\\/cad-design\\\/lets-prototype\\\/service\\\/467614067578683401\",\"https:\\\/\\\/www.youtube.com\\\/@letsprototype-productdevel3398\"],\"description\":\"Agencia de innovaci\u00f3n y desarrollo de productos. Especialistas en desarrollo de productos innovadores y fabricaci\u00f3n de prototipos con laboratorios f\u00edsicos en Madrid, Espa\u00f1a y Miami, Estados Unidos.\",\"email\":\"hello@letsprototype.com\",\"telephone\":\"34619687023\",\"legalName\":\"San Juan Ingenieros\",\"foundingDate\":\"2006-11-03\",\"vatID\":\"B11852951\",\"iso6523Code\":\"9001\",\"numberOfEmployees\":{\"@type\":\"QuantitativeValue\",\"minValue\":\"11\",\"maxValue\":\"50\"}}]}<\/script>\n<!-- \/ Yoast SEO Premium plugin. -->","yoast_head_json":{"title":"Industrial Robot Prototypes - Let\u2019s Prototype","description":"We design and manufacture industrial robot prototypes, useful for automating critical processes for businesses.","robots":{"index":"index","follow":"follow","max-snippet":"max-snippet:-1","max-image-preview":"max-image-preview:large","max-video-preview":"max-video-preview:-1"},"canonical":"https:\/\/letsprototype.com\/en\/industrial-robot-prototypes\/","og_locale":"en_US","og_type":"article","og_title":"Prototipos de robots industriales","og_description":"Dise\u00f1amos y fabricamos prototipos de robots industriales, \u00fatiles para automatizar procesos cr\u00edticos para las empresas-","og_url":"https:\/\/letsprototype.com\/en\/industrial-robot-prototypes\/","og_site_name":"Let&#039;s Prototype","article_publisher":"https:\/\/www.facebook.com\/letsprototype","article_modified_time":"2022-07-27T08:16:39+00:00","og_image":[{"width":1220,"height":400,"url":"https:\/\/letsprototype.com\/wp-content\/uploads\/2022\/03\/prototipos-para-robots-industriales-min.png","type":"image\/png"}],"twitter_card":"summary_large_image","twitter_misc":{"Est. reading time":"2 minutes"},"schema":{"@context":"https:\/\/schema.org","@graph":[{"@type":"WebPage","@id":"https:\/\/letsprototype.com\/prototipos-de-robots-industriales\/","url":"https:\/\/letsprototype.com\/prototipos-de-robots-industriales\/","name":"Industrial Robot Prototypes - Let\u2019s Prototype","isPartOf":{"@id":"https:\/\/letsprototype.com\/#website"},"primaryImageOfPage":{"@id":"https:\/\/letsprototype.com\/prototipos-de-robots-industriales\/#primaryimage"},"image":{"@id":"https:\/\/letsprototype.com\/prototipos-de-robots-industriales\/#primaryimage"},"thumbnailUrl":"https:\/\/cdn.letsprototype.com\/wp-content\/uploads\/2022\/03\/prototipos-para-robots-industriales-min.png","datePublished":"2022-03-29T09:43:05+00:00","dateModified":"2022-07-27T08:16:39+00:00","description":"We design and manufacture industrial robot prototypes, useful for automating critical processes for businesses.","breadcrumb":{"@id":"https:\/\/letsprototype.com\/prototipos-de-robots-industriales\/#breadcrumb"},"inLanguage":"en-US","potentialAction":[{"@type":"ReadAction","target":["https:\/\/letsprototype.com\/prototipos-de-robots-industriales\/"]}]},{"@type":"ImageObject","inLanguage":"en-US","@id":"https:\/\/letsprototype.com\/prototipos-de-robots-industriales\/#primaryimage","url":"https:\/\/cdn.letsprototype.com\/wp-content\/uploads\/2022\/03\/prototipos-para-robots-industriales-min.png","contentUrl":"https:\/\/cdn.letsprototype.com\/wp-content\/uploads\/2022\/03\/prototipos-para-robots-industriales-min.png","width":1220,"height":400,"caption":"fabricaci\u00f3n de robots de prototipos industriales."},{"@type":"BreadcrumbList","@id":"https:\/\/letsprototype.com\/prototipos-de-robots-industriales\/#breadcrumb","itemListElement":[{"@type":"ListItem","position":1,"name":"Portada","item":"https:\/\/letsprototype.com\/"},{"@type":"ListItem","position":2,"name":"Prototipos de robots industriales"}]},{"@type":"WebSite","@id":"https:\/\/letsprototype.com\/#website","url":"https:\/\/letsprototype.com\/","name":"Let's Prototype","description":"Especialistas en dise\u00f1o y fabricaci\u00f3n de prototipos","publisher":{"@id":"https:\/\/letsprototype.com\/#organization"},"alternateName":"Empresa de dise\u00f1o y fabricaci\u00f3n de Productos","potentialAction":[{"@type":"SearchAction","target":{"@type":"EntryPoint","urlTemplate":"https:\/\/letsprototype.com\/?s={search_term_string}"},"query-input":{"@type":"PropertyValueSpecification","valueRequired":true,"valueName":"search_term_string"}}],"inLanguage":"en-US"},{"@type":"Organization","@id":"https:\/\/letsprototype.com\/#organization","name":"Let\u00b4s Prototype","alternateName":"Let\u00b4s Prototype","url":"https:\/\/letsprototype.com\/","logo":{"@type":"ImageObject","inLanguage":"en-US","@id":"https:\/\/letsprototype.com\/#\/schema\/logo\/image\/","url":"https:\/\/cdn.letsprototype.com\/wp-content\/uploads\/2022\/07\/cropped-LESTPROTOTYPE-5.png","contentUrl":"https:\/\/cdn.letsprototype.com\/wp-content\/uploads\/2022\/07\/cropped-LESTPROTOTYPE-5.png","width":512,"height":512,"caption":"Let\u00b4s Prototype"},"image":{"@id":"https:\/\/letsprototype.com\/#\/schema\/logo\/image\/"},"sameAs":["https:\/\/www.facebook.com\/letsprototype","https:\/\/www.linkedin.com\/company\/letsprototype\/","https:\/\/www.thumbtack.com\/fl\/miami\/cad-design\/lets-prototype\/service\/467614067578683401","https:\/\/www.youtube.com\/@letsprototype-productdevel3398"],"description":"Agencia de innovaci\u00f3n y desarrollo de productos. Especialistas en desarrollo de productos innovadores y fabricaci\u00f3n de prototipos con laboratorios f\u00edsicos en Madrid, Espa\u00f1a y Miami, Estados Unidos.","email":"hello@letsprototype.com","telephone":"34619687023","legalName":"San Juan Ingenieros","foundingDate":"2006-11-03","vatID":"B11852951","iso6523Code":"9001","numberOfEmployees":{"@type":"QuantitativeValue","minValue":"11","maxValue":"50"}}]}},"_links":{"self":[{"href":"https:\/\/letsprototype.com\/en\/wp-json\/wp\/v2\/pages\/4057","targetHints":{"allow":["GET"]}}],"collection":[{"href":"https:\/\/letsprototype.com\/en\/wp-json\/wp\/v2\/pages"}],"about":[{"href":"https:\/\/letsprototype.com\/en\/wp-json\/wp\/v2\/types\/page"}],"author":[{"embeddable":true,"href":"https:\/\/letsprototype.com\/en\/wp-json\/wp\/v2\/users\/1"}],"replies":[{"embeddable":true,"href":"https:\/\/letsprototype.com\/en\/wp-json\/wp\/v2\/comments?post=4057"}],"version-history":[{"count":0,"href":"https:\/\/letsprototype.com\/en\/wp-json\/wp\/v2\/pages\/4057\/revisions"}],"wp:featuredmedia":[{"embeddable":true,"href":"https:\/\/letsprototype.com\/en\/wp-json\/wp\/v2\/media\/4242"}],"wp:attachment":[{"href":"https:\/\/letsprototype.com\/en\/wp-json\/wp\/v2\/media?parent=4057"}],"curies":[{"name":"wp","href":"https:\/\/api.w.org\/{rel}","templated":true}]}}