{"id":2404,"date":"2021-12-02T10:02:02","date_gmt":"2021-12-02T10:02:02","guid":{"rendered":"https:\/\/prototecnica.es\/?page_id=2404"},"modified":"2024-08-05T20:12:14","modified_gmt":"2024-08-05T20:12:14","slug":"frequently-asked-questions","status":"publish","type":"page","link":"https:\/\/letsprototype.com\/en\/frequently-asked-questions\/","title":{"rendered":"Preguntas del cliente"},"content":{"rendered":"<div data-elementor-type=\"wp-page\" data-elementor-id=\"2404\" class=\"elementor elementor-2404\" data-elementor-post-type=\"page\">\n\t\t\t\t\t\t<section class=\"elementor-section elementor-top-section elementor-element elementor-element-15da83ec elementor-section-full_width elementor-section-stretched elementor-section-height-default elementor-section-height-default\" data-id=\"15da83ec\" data-element_type=\"section\" data-settings=\"{&quot;stretch_section&quot;:&quot;section-stretched&quot;,&quot;background_background&quot;:&quot;classic&quot;}\">\n\t\t\t\t\t\t<div class=\"elementor-container elementor-column-gap-default\">\n\t\t\t\t\t<div class=\"elementor-column elementor-col-100 elementor-top-column elementor-element elementor-element-fbb5200\" data-id=\"fbb5200\" data-element_type=\"column\">\n\t\t\t<div class=\"elementor-widget-wrap elementor-element-populated\">\n\t\t\t\t\t\t<section class=\"elementor-section elementor-inner-section elementor-element elementor-element-2fafdc69 elementor-section-boxed elementor-section-height-default elementor-section-height-default\" data-id=\"2fafdc69\" data-element_type=\"section\">\n\t\t\t\t\t\t<div class=\"elementor-container elementor-column-gap-default\">\n\t\t\t\t\t<div class=\"elementor-column elementor-col-100 elementor-inner-column elementor-element elementor-element-681e97c1\" data-id=\"681e97c1\" data-element_type=\"column\">\n\t\t\t<div class=\"elementor-widget-wrap elementor-element-populated\">\n\t\t\t\t\t\t<div class=\"elementor-element elementor-element-48f78e43 elementor-widget elementor-widget-heading\" data-id=\"48f78e43\" data-element_type=\"widget\" data-widget_type=\"heading.default\">\n\t\t\t\t\t<h1 class=\"elementor-heading-title elementor-size-default\">En breve te contactaremos <\/h1>\t\t\t\t<\/div>\n\t\t\t\t<div class=\"elementor-element elementor-element-644be7cf elementor-widget__width-initial elementor-widget-tablet__width-initial elementor-button-align-stretch elementor-widget elementor-widget-form\" data-id=\"644be7cf\" data-element_type=\"widget\" data-settings=\"{&quot;step_next_label&quot;:&quot;Next&quot;,&quot;step_previous_label&quot;:&quot;Previous&quot;,&quot;button_width&quot;:&quot;60&quot;,&quot;step_type&quot;:&quot;number_text&quot;,&quot;step_icon_shape&quot;:&quot;circle&quot;}\" data-widget_type=\"form.default\">\n\t\t\t\t\t<style>.elementor-element-644be7cf{display:none !important}<\/style>\t\t\t\t<\/div>\n\t\t\t\t<div class=\"elementor-element elementor-element-d79e781 elementor-widget__width-initial elementor-widget-tablet__width-initial elementor-button-align-stretch elementor-widget elementor-widget-form\" data-id=\"d79e781\" data-element_type=\"widget\" data-settings=\"{&quot;step_next_label&quot;:&quot;Next&quot;,&quot;step_previous_label&quot;:&quot;Previous&quot;,&quot;button_width&quot;:&quot;60&quot;,&quot;step_type&quot;:&quot;number_text&quot;,&quot;step_icon_shape&quot;:&quot;circle&quot;}\" data-widget_type=\"form.default\">\n\t\t\t\t\t\t\t<form class=\"elementor-form\" method=\"post\" name=\"Formulario Protot\u00e9cnica Duda\" aria-label=\"Formulario Protot\u00e9cnica Duda\" action=\"\">\n\t\t\t<input type=\"hidden\" name=\"post_id\" value=\"2404\"\/>\n\t\t\t<input type=\"hidden\" name=\"form_id\" value=\"d79e781\"\/>\n\t\t\t<input type=\"hidden\" name=\"referer_title\" value=\"Let&#039;s Prototype\" \/>\n\n\t\t\t\n\t\t\t<div class=\"elementor-form-fields-wrapper elementor-labels-above\">\n\t\t\t\t\t\t\t\t<div class=\"elementor-field-type-text elementor-field-group elementor-column elementor-field-group-name elementor-col-60 elementor-field-required\">\n\t\t\t\t\t\t\t\t\t\t\t\t\t<input size=\"1\" type=\"text\" name=\"form_fields[name]\" id=\"form-field-name\" class=\"elementor-field elementor-size-md  elementor-field-textual\" placeholder=\"Name\" required=\"required\">\n\t\t\t\t\t\t\t\t\t\t\t<\/div>\n\t\t\t\t\t\t\t\t<div class=\"elementor-field-type-text elementor-field-group elementor-column elementor-field-group-field_67988d8 elementor-col-60 elementor-field-required\">\n\t\t\t\t\t\t\t\t\t\t\t\t\t<input size=\"1\" type=\"text\" name=\"form_fields[field_67988d8]\" id=\"form-field-field_67988d8\" class=\"elementor-field elementor-size-md  elementor-field-textual\" placeholder=\"Surname\" required=\"required\">\n\t\t\t\t\t\t\t\t\t\t\t<\/div>\n\t\t\t\t\t\t\t\t<div class=\"elementor-field-type-email elementor-field-group elementor-column elementor-field-group-email elementor-col-60 elementor-field-required\">\n\t\t\t\t\t\t\t\t\t\t\t\t\t<input size=\"1\" type=\"email\" name=\"form_fields[email]\" id=\"form-field-email\" class=\"elementor-field elementor-size-md  elementor-field-textual\" placeholder=\"email\" required=\"required\">\n\t\t\t\t\t\t\t\t\t\t\t<\/div>\n\t\t\t\t\t\t\t\t<div class=\"elementor-field-type-tel elementor-field-group elementor-column elementor-field-group-message elementor-col-60 elementor-field-required\">\n\t\t\t\t\t\t\t<input size=\"1\" type=\"tel\" name=\"form_fields[message]\" id=\"form-field-message\" class=\"elementor-field elementor-size-md  elementor-field-textual\" placeholder=\"Phone number\" required=\"required\" pattern=\"[0-9()#&amp;+*-=.]+\" title=\"Only numbers and phone characters (#, -, *, etc) are accepted.\">\n\n\t\t\t\t\t\t<\/div>\n\t\t\t\t\t\t\t\t<div class=\"elementor-field-type-textarea elementor-field-group elementor-column elementor-field-group-field_291d49b elementor-col-60\">\n\t\t\t\t\t<textarea class=\"elementor-field-textual elementor-field  elementor-size-md\" name=\"form_fields[field_291d49b]\" id=\"form-field-field_291d49b\" rows=\"4\" placeholder=\"Message \"><\/textarea>\t\t\t\t<\/div>\n\t\t\t\t\t\t\t\t<div class=\"elementor-field-group elementor-column elementor-field-type-submit elementor-col-60 e-form__buttons\">\n\t\t\t\t\t<button class=\"elementor-button elementor-size-sm\" type=\"submit\">\n\t\t\t\t\t\t<span class=\"elementor-button-content-wrapper\">\n\t\t\t\t\t\t\t\t\t\t\t\t\t\t\t\t\t\t\t\t\t\t<span class=\"elementor-button-text\">Send<\/span>\n\t\t\t\t\t\t\t\t\t\t\t\t\t<\/span>\n\t\t\t\t\t<\/button>\n\t\t\t\t<\/div>\n\t\t\t<\/div>\n\t\t<input type=\"hidden\" name=\"trp-form-language\" value=\"en\"\/><\/form>\n\t\t\t\t\t\t<\/div>\n\t\t\t\t\t<\/div>\n\t\t<\/div>\n\t\t\t\t\t<\/div>\n\t\t<\/section>\n\t\t\t\t\t<\/div>\n\t\t<\/div>\n\t\t\t\t\t<\/div>\n\t\t<\/section>\n\t\t\t\t<\/div>\n\t\t\n\n<div class=\"kk-star-ratings kksr-auto kksr-align-center kksr-valign-bottom\"\n    data-payload='{&quot;align&quot;:&quot;center&quot;,&quot;id&quot;:&quot;2404&quot;,&quot;slug&quot;:&quot;default&quot;,&quot;valign&quot;:&quot;bottom&quot;,&quot;ignore&quot;:&quot;&quot;,&quot;reference&quot;:&quot;auto&quot;,&quot;class&quot;:&quot;&quot;,&quot;count&quot;:&quot;0&quot;,&quot;legendonly&quot;:&quot;&quot;,&quot;readonly&quot;:&quot;&quot;,&quot;score&quot;:&quot;0&quot;,&quot;starsonly&quot;:&quot;&quot;,&quot;best&quot;:&quot;5&quot;,&quot;gap&quot;:&quot;5&quot;,&quot;greet&quot;:&quot;Valorar este page&quot;,&quot;legend&quot;:&quot;0\\\/5 - (0 votes)&quot;,&quot;size&quot;:&quot;24&quot;,&quot;title&quot;:&quot;Preguntas del cliente&quot;,&quot;width&quot;:&quot;0&quot;,&quot;_legend&quot;:&quot;{score}\\\/{best} - ({count} {votes})&quot;,&quot;font_factor&quot;:&quot;1.25&quot;}'>\n            \n<div class=\"kksr-stars\">\n    \n<div class=\"kksr-stars-inactive\">\n            <div class=\"kksr-star\" data-star=\"1\" style=\"padding-right: 5px\">\n            \n\n<div class=\"kksr-icon\" style=\"width: 24px; height: 24px;\"><\/div>\n        <\/div>\n            <div class=\"kksr-star\" data-star=\"2\" style=\"padding-right: 5px\">\n            \n\n<div class=\"kksr-icon\" style=\"width: 24px; height: 24px;\"><\/div>\n        <\/div>\n            <div class=\"kksr-star\" data-star=\"3\" style=\"padding-right: 5px\">\n            \n\n<div class=\"kksr-icon\" style=\"width: 24px; height: 24px;\"><\/div>\n        <\/div>\n            <div class=\"kksr-star\" data-star=\"4\" style=\"padding-right: 5px\">\n            \n\n<div class=\"kksr-icon\" style=\"width: 24px; height: 24px;\"><\/div>\n        <\/div>\n            <div class=\"kksr-star\" data-star=\"5\" style=\"padding-right: 5px\">\n            \n\n<div class=\"kksr-icon\" style=\"width: 24px; height: 24px;\"><\/div>\n        <\/div>\n    <\/div>\n    \n<div class=\"kksr-stars-active\" style=\"width: 0px;\">\n            <div class=\"kksr-star\" style=\"padding-right: 5px\">\n            \n\n<div class=\"kksr-icon\" style=\"width: 24px; height: 24px;\"><\/div>\n        <\/div>\n            <div class=\"kksr-star\" style=\"padding-right: 5px\">\n            \n\n<div class=\"kksr-icon\" style=\"width: 24px; height: 24px;\"><\/div>\n        <\/div>\n            <div class=\"kksr-star\" style=\"padding-right: 5px\">\n            \n\n<div class=\"kksr-icon\" style=\"width: 24px; height: 24px;\"><\/div>\n        <\/div>\n            <div class=\"kksr-star\" style=\"padding-right: 5px\">\n            \n\n<div class=\"kksr-icon\" style=\"width: 24px; height: 24px;\"><\/div>\n        <\/div>\n            <div class=\"kksr-star\" style=\"padding-right: 5px\">\n            \n\n<div class=\"kksr-icon\" style=\"width: 24px; height: 24px;\"><\/div>\n        <\/div>\n    <\/div>\n<\/div>\n                \n\n<div class=\"kksr-legend\" style=\"font-size: 19.2px;\">\n            <span class=\"kksr-muted\">Valorar este page<\/span>\n    <\/div>\n    <\/div>","protected":false},"excerpt":{"rendered":"<p>En breve te contactaremos<\/p>","protected":false},"author":1,"featured_media":0,"parent":0,"menu_order":0,"comment_status":"closed","ping_status":"closed","template":"","meta":{"site-sidebar-layout":"no-sidebar","site-content-layout":"page-builder","ast-site-content-layout":"","site-content-style":"default","site-sidebar-style":"default","ast-global-header-display":"","ast-banner-title-visibility":"","ast-main-header-display":"","ast-hfb-above-header-display":"","ast-hfb-below-header-display":"","ast-hfb-mobile-header-display":"","site-post-title":"disabled","ast-breadcrumbs-content":"","ast-featured-img":"disabled","footer-sml-layout":"","theme-transparent-header-meta":"","adv-header-id-meta":"","stick-header-meta":"","header-above-stick-meta":"","header-main-stick-meta":"","header-below-stick-meta":"","astra-migrate-meta-layouts":"default","ast-page-background-enabled":"default","ast-page-background-meta":{"desktop":{"background-color":"var(--ast-global-color-4)","background-image":"","background-repeat":"repeat","background-position":"center center","background-size":"auto","background-attachment":"scroll","background-type":"","background-media":"","overlay-type":"","overlay-color":"","overlay-gradient":""},"tablet":{"background-color":"","background-image":"","background-repeat":"repeat","background-position":"center center","background-size":"auto","background-attachment":"scroll","background-type":"","background-media":"","overlay-type":"","overlay-color":"","overlay-gradient":""},"mobile":{"background-color":"","background-image":"","background-repeat":"repeat","background-position":"center center","background-size":"auto","background-attachment":"scroll","background-type":"","background-media":"","overlay-type":"","overlay-color":"","overlay-gradient":""}},"ast-content-background-meta":{"desktop":{"background-color":"var(--ast-global-color-5)","background-image":"","background-repeat":"repeat","background-position":"center center","background-size":"auto","background-attachment":"scroll","background-type":"","background-media":"","overlay-type":"","overlay-color":"","overlay-gradient":""},"tablet":{"background-color":"var(--ast-global-color-5)","background-image":"","background-repeat":"repeat","background-position":"center center","background-size":"auto","background-attachment":"scroll","background-type":"","background-media":"","overlay-type":"","overlay-color":"","overlay-gradient":""},"mobile":{"background-color":"var(--ast-global-color-5)","background-image":"","background-repeat":"repeat","background-position":"center center","background-size":"auto","background-attachment":"scroll","background-type":"","background-media":"","overlay-type":"","overlay-color":"","overlay-gradient":""}},"footnotes":""},"class_list":["post-2404","page","type-page","status-publish","hentry"],"yoast_head":"<!-- This site is optimized with the Yoast SEO Premium plugin v27.3 (Yoast SEO v27.3) - https:\/\/yoast.com\/product\/yoast-seo-premium-wordpress\/ -->\n<title>Preguntas del cliente - Let&#039;s Prototype<\/title>\n<meta name=\"description\" content=\"D\u00e9janos tus dudas y te contamos de forma transparente el M\u00e9todo de trabajo que utilizamos en Let&#039;s prototype. En breve te contactaremos.\" \/>\n<meta name=\"robots\" content=\"index, follow, max-snippet:-1, max-image-preview:large, max-video-preview:-1\" \/>\n<link rel=\"canonical\" href=\"https:\/\/letsprototype.com\/en\/frequently-asked-questions\/\" \/>\n<meta property=\"og:locale\" content=\"en_US\" \/>\n<meta property=\"og:type\" content=\"article\" \/>\n<meta property=\"og:title\" content=\"Preguntas del cliente\" \/>\n<meta property=\"og:description\" content=\"D\u00e9janos tus dudas y te contamos de forma transparente el M\u00e9todo de trabajo que utilizamos en Let&#039;s prototype. En breve te contactaremos.\" \/>\n<meta property=\"og:url\" content=\"https:\/\/letsprototype.com\/en\/frequently-asked-questions\/\" \/>\n<meta property=\"og:site_name\" content=\"Let&#039;s Prototype\" \/>\n<meta property=\"article:publisher\" content=\"https:\/\/www.facebook.com\/letsprototype\" \/>\n<meta property=\"article:modified_time\" content=\"2024-08-05T20:12:14+00:00\" \/>\n<meta property=\"og:image\" content=\"https:\/\/cdn.letsprototype.com\/wp-content\/uploads\/2021\/12\/Equipo-prototecnica-min--e1660055286521.jpg\" \/>\n\t<meta property=\"og:image:width\" content=\"2048\" \/>\n\t<meta property=\"og:image:height\" content=\"1366\" \/>\n\t<meta property=\"og:image:type\" content=\"image\/jpeg\" \/>\n<meta name=\"twitter:card\" content=\"summary_large_image\" \/>\n<meta name=\"twitter:label1\" content=\"Est. reading time\" \/>\n\t<meta name=\"twitter:data1\" content=\"1 minute\" \/>\n<script type=\"application\/ld+json\" class=\"yoast-schema-graph\">{\"@context\":\"https:\\\/\\\/schema.org\",\"@graph\":[{\"@type\":\"WebPage\",\"@id\":\"https:\\\/\\\/letsprototype.com\\\/preguntas-del-cliente\\\/\",\"url\":\"https:\\\/\\\/letsprototype.com\\\/preguntas-del-cliente\\\/\",\"name\":\"Preguntas del cliente - Let&#039;s Prototype\",\"isPartOf\":{\"@id\":\"https:\\\/\\\/letsprototype.com\\\/#website\"},\"datePublished\":\"2021-12-02T10:02:02+00:00\",\"dateModified\":\"2024-08-05T20:12:14+00:00\",\"description\":\"D\u00e9janos tus dudas y te contamos de forma transparente el M\u00e9todo de trabajo que utilizamos en Let's prototype. En breve te contactaremos.\",\"breadcrumb\":{\"@id\":\"https:\\\/\\\/letsprototype.com\\\/preguntas-del-cliente\\\/#breadcrumb\"},\"inLanguage\":\"en-US\",\"potentialAction\":[{\"@type\":\"ReadAction\",\"target\":[\"https:\\\/\\\/letsprototype.com\\\/preguntas-del-cliente\\\/\"]}]},{\"@type\":\"BreadcrumbList\",\"@id\":\"https:\\\/\\\/letsprototype.com\\\/preguntas-del-cliente\\\/#breadcrumb\",\"itemListElement\":[{\"@type\":\"ListItem\",\"position\":1,\"name\":\"Portada\",\"item\":\"https:\\\/\\\/letsprototype.com\\\/\"},{\"@type\":\"ListItem\",\"position\":2,\"name\":\"Preguntas del cliente\"}]},{\"@type\":\"WebSite\",\"@id\":\"https:\\\/\\\/letsprototype.com\\\/#website\",\"url\":\"https:\\\/\\\/letsprototype.com\\\/\",\"name\":\"Let's Prototype\",\"description\":\"Especialistas en dise\u00f1o y fabricaci\u00f3n de prototipos\",\"publisher\":{\"@id\":\"https:\\\/\\\/letsprototype.com\\\/#organization\"},\"alternateName\":\"Empresa de dise\u00f1o y fabricaci\u00f3n de Productos\",\"potentialAction\":[{\"@type\":\"SearchAction\",\"target\":{\"@type\":\"EntryPoint\",\"urlTemplate\":\"https:\\\/\\\/letsprototype.com\\\/?s={search_term_string}\"},\"query-input\":{\"@type\":\"PropertyValueSpecification\",\"valueRequired\":true,\"valueName\":\"search_term_string\"}}],\"inLanguage\":\"en-US\"},{\"@type\":\"Organization\",\"@id\":\"https:\\\/\\\/letsprototype.com\\\/#organization\",\"name\":\"Let\u00b4s Prototype\",\"alternateName\":\"Let\u00b4s Prototype\",\"url\":\"https:\\\/\\\/letsprototype.com\\\/\",\"logo\":{\"@type\":\"ImageObject\",\"inLanguage\":\"en-US\",\"@id\":\"https:\\\/\\\/letsprototype.com\\\/#\\\/schema\\\/logo\\\/image\\\/\",\"url\":\"https:\\\/\\\/cdn.letsprototype.com\\\/wp-content\\\/uploads\\\/2022\\\/07\\\/cropped-LESTPROTOTYPE-5.png\",\"contentUrl\":\"https:\\\/\\\/cdn.letsprototype.com\\\/wp-content\\\/uploads\\\/2022\\\/07\\\/cropped-LESTPROTOTYPE-5.png\",\"width\":512,\"height\":512,\"caption\":\"Let\u00b4s Prototype\"},\"image\":{\"@id\":\"https:\\\/\\\/letsprototype.com\\\/#\\\/schema\\\/logo\\\/image\\\/\"},\"sameAs\":[\"https:\\\/\\\/www.facebook.com\\\/letsprototype\",\"https:\\\/\\\/www.linkedin.com\\\/company\\\/letsprototype\\\/\",\"https:\\\/\\\/www.thumbtack.com\\\/fl\\\/miami\\\/cad-design\\\/lets-prototype\\\/service\\\/467614067578683401\",\"https:\\\/\\\/www.youtube.com\\\/@letsprototype-productdevel3398\"],\"description\":\"Agencia de innovaci\u00f3n y desarrollo de productos. Especialistas en desarrollo de productos innovadores y fabricaci\u00f3n de prototipos con laboratorios f\u00edsicos en Madrid, Espa\u00f1a y Miami, Estados Unidos.\",\"email\":\"hello@letsprototype.com\",\"telephone\":\"34619687023\",\"legalName\":\"San Juan Ingenieros\",\"foundingDate\":\"2006-11-03\",\"vatID\":\"B11852951\",\"iso6523Code\":\"9001\",\"numberOfEmployees\":{\"@type\":\"QuantitativeValue\",\"minValue\":\"11\",\"maxValue\":\"50\"}}]}<\/script>\n<!-- \/ Yoast SEO Premium plugin. -->","yoast_head_json":{"title":"Frequently Asked Questions about prototypes","description":"D\u00e9janos tus dudas y te contamos de forma transparente el M\u00e9todo de trabajo que utilizamos en Let's prototype. En breve te contactaremos.","robots":{"index":"index","follow":"follow","max-snippet":"max-snippet:-1","max-image-preview":"max-image-preview:large","max-video-preview":"max-video-preview:-1"},"canonical":"https:\/\/letsprototype.com\/en\/frequently-asked-questions\/","og_locale":"en_US","og_type":"article","og_title":"Preguntas del cliente","og_description":"D\u00e9janos tus dudas y te contamos de forma transparente el M\u00e9todo de trabajo que utilizamos en Let's prototype. En breve te contactaremos.","og_url":"https:\/\/letsprototype.com\/en\/frequently-asked-questions\/","og_site_name":"Let&#039;s Prototype","article_publisher":"https:\/\/www.facebook.com\/letsprototype","article_modified_time":"2024-08-05T20:12:14+00:00","og_image":[{"width":2048,"height":1366,"url":"https:\/\/cdn.letsprototype.com\/wp-content\/uploads\/2021\/12\/Equipo-prototecnica-min--e1660055286521.jpg","type":"image\/jpeg"}],"twitter_card":"summary_large_image","twitter_misc":{"Est. reading time":"1 minute"},"schema":{"@context":"https:\/\/schema.org","@graph":[{"@type":"WebPage","@id":"https:\/\/letsprototype.com\/preguntas-del-cliente\/","url":"https:\/\/letsprototype.com\/preguntas-del-cliente\/","name":"Frequently Asked Questions about prototypes","isPartOf":{"@id":"https:\/\/letsprototype.com\/#website"},"datePublished":"2021-12-02T10:02:02+00:00","dateModified":"2024-08-05T20:12:14+00:00","description":"D\u00e9janos tus dudas y te contamos de forma transparente el M\u00e9todo de trabajo que utilizamos en Let's prototype. En breve te contactaremos.","breadcrumb":{"@id":"https:\/\/letsprototype.com\/preguntas-del-cliente\/#breadcrumb"},"inLanguage":"en-US","potentialAction":[{"@type":"ReadAction","target":["https:\/\/letsprototype.com\/preguntas-del-cliente\/"]}]},{"@type":"BreadcrumbList","@id":"https:\/\/letsprototype.com\/preguntas-del-cliente\/#breadcrumb","itemListElement":[{"@type":"ListItem","position":1,"name":"Portada","item":"https:\/\/letsprototype.com\/"},{"@type":"ListItem","position":2,"name":"Preguntas del cliente"}]},{"@type":"WebSite","@id":"https:\/\/letsprototype.com\/#website","url":"https:\/\/letsprototype.com\/","name":"Let's Prototype","description":"Especialistas en dise\u00f1o y fabricaci\u00f3n de prototipos","publisher":{"@id":"https:\/\/letsprototype.com\/#organization"},"alternateName":"Empresa de dise\u00f1o y fabricaci\u00f3n de Productos","potentialAction":[{"@type":"SearchAction","target":{"@type":"EntryPoint","urlTemplate":"https:\/\/letsprototype.com\/?s={search_term_string}"},"query-input":{"@type":"PropertyValueSpecification","valueRequired":true,"valueName":"search_term_string"}}],"inLanguage":"en-US"},{"@type":"Organization","@id":"https:\/\/letsprototype.com\/#organization","name":"Let\u00b4s Prototype","alternateName":"Let\u00b4s Prototype","url":"https:\/\/letsprototype.com\/","logo":{"@type":"ImageObject","inLanguage":"en-US","@id":"https:\/\/letsprototype.com\/#\/schema\/logo\/image\/","url":"https:\/\/cdn.letsprototype.com\/wp-content\/uploads\/2022\/07\/cropped-LESTPROTOTYPE-5.png","contentUrl":"https:\/\/cdn.letsprototype.com\/wp-content\/uploads\/2022\/07\/cropped-LESTPROTOTYPE-5.png","width":512,"height":512,"caption":"Let\u00b4s Prototype"},"image":{"@id":"https:\/\/letsprototype.com\/#\/schema\/logo\/image\/"},"sameAs":["https:\/\/www.facebook.com\/letsprototype","https:\/\/www.linkedin.com\/company\/letsprototype\/","https:\/\/www.thumbtack.com\/fl\/miami\/cad-design\/lets-prototype\/service\/467614067578683401","https:\/\/www.youtube.com\/@letsprototype-productdevel3398"],"description":"Agencia de innovaci\u00f3n y desarrollo de productos. Especialistas en desarrollo de productos innovadores y fabricaci\u00f3n de prototipos con laboratorios f\u00edsicos en Madrid, Espa\u00f1a y Miami, Estados Unidos.","email":"hello@letsprototype.com","telephone":"34619687023","legalName":"San Juan Ingenieros","foundingDate":"2006-11-03","vatID":"B11852951","iso6523Code":"9001","numberOfEmployees":{"@type":"QuantitativeValue","minValue":"11","maxValue":"50"}}]}},"_links":{"self":[{"href":"https:\/\/letsprototype.com\/en\/wp-json\/wp\/v2\/pages\/2404","targetHints":{"allow":["GET"]}}],"collection":[{"href":"https:\/\/letsprototype.com\/en\/wp-json\/wp\/v2\/pages"}],"about":[{"href":"https:\/\/letsprototype.com\/en\/wp-json\/wp\/v2\/types\/page"}],"author":[{"embeddable":true,"href":"https:\/\/letsprototype.com\/en\/wp-json\/wp\/v2\/users\/1"}],"replies":[{"embeddable":true,"href":"https:\/\/letsprototype.com\/en\/wp-json\/wp\/v2\/comments?post=2404"}],"version-history":[{"count":0,"href":"https:\/\/letsprototype.com\/en\/wp-json\/wp\/v2\/pages\/2404\/revisions"}],"wp:attachment":[{"href":"https:\/\/letsprototype.com\/en\/wp-json\/wp\/v2\/media?parent=2404"}],"curies":[{"name":"wp","href":"https:\/\/api.w.org\/{rel}","templated":true}]}}