{"id":16252,"date":"2024-10-02T22:38:51","date_gmt":"2024-10-02T22:38:51","guid":{"rendered":"https:\/\/letsprototype.com\/?page_id=16252"},"modified":"2024-10-02T23:14:50","modified_gmt":"2024-10-02T23:14:50","slug":"electronic-engineer-bryan-lopez","status":"publish","type":"page","link":"https:\/\/letsprototype.com\/en\/electronic-engineer-bryan-lopez\/","title":{"rendered":"Bryan L\u00f3pez &#8211; Ingeniero electr\u00f3nico"},"content":{"rendered":"<div data-elementor-type=\"wp-page\" data-elementor-id=\"16252\" class=\"elementor elementor-16252\" data-elementor-post-type=\"page\">\n\t\t\t\t\t\t<section class=\"elementor-section elementor-top-section elementor-element elementor-element-7428df3 elementor-section-boxed elementor-section-height-default elementor-section-height-default\" data-id=\"7428df3\" data-element_type=\"section\">\n\t\t\t\t\t\t<div class=\"elementor-container elementor-column-gap-default\">\n\t\t\t\t\t<div class=\"elementor-column elementor-col-100 elementor-top-column elementor-element elementor-element-1a1875e8\" data-id=\"1a1875e8\" data-element_type=\"column\">\n\t\t\t<div class=\"elementor-widget-wrap elementor-element-populated\">\n\t\t\t\t\t\t<div class=\"elementor-element elementor-element-65ced8b9 elementor-widget elementor-widget-heading\" data-id=\"65ced8b9\" data-element_type=\"widget\" data-widget_type=\"heading.default\">\n\t\t\t\t\t<h1 class=\"elementor-heading-title elementor-size-default\">Bryan L\u00f3pez - Electronic Engineer<\/h1>\t\t\t\t<\/div>\n\t\t\t\t<div class=\"elementor-element elementor-element-29790154 elementor-widget elementor-widget-text-editor\" data-id=\"29790154\" data-element_type=\"widget\" data-widget_type=\"text-editor.default\">\n\t\t\t\t\t\t\t\t\t<p class=\"p1\" style=\"text-align: left;\"><strong>Ingeniero\u00a0 electr\u00f3nico<\/strong> con experiencia en el<strong> dise\u00f1o y <a href=\"https:\/\/letsprototype.com\/en\/diseno-y-fabricacion-de-prototipos\/\">desarrollo de soluciones tecnol\u00f3gicas<\/a><\/strong> en entornos \u00e1giles. Bryan destaca por su capacidad de atenci\u00f3n a los detalles y la forma tan especial con la que hace frente a los retos t\u00e9cnicos.\u00a0<\/p><p style=\"text-align: left;\">Para <strong>crear soluciones t\u00e9cnicas a medida<\/strong>, que es a lo que nos dedicamos en<a href=\"https:\/\/letsprototype.com\/en\/\"><strong> Let\u00b4s Prototype<\/strong><\/a>, no es suficiente con ser un buen ingeniero. Es imprescindible un alt\u00edsimo nivel de orgullo propio y capacidad de aprendizaje. Bryan cuenta con ambas.<\/p><p style=\"text-align: left;\"><img fetchpriority=\"high\" decoding=\"async\" class=\"size-medium wp-image-9902 alignright\" src=\"https:\/\/cdn.letsprototype.com\/wp-content\/uploads\/2023\/08\/1682378558418-300x300.jpeg\" alt=\"Bryan Lopez - Prototipos - Dise\u00f1o de productos\" width=\"300\" height=\"300\" srcset=\"https:\/\/cdn.letsprototype.com\/wp-content\/uploads\/2023\/08\/1682378558418-300x300.jpeg 300w, https:\/\/cdn.letsprototype.com\/wp-content\/uploads\/2023\/08\/1682378558418-150x150.jpeg 150w, https:\/\/cdn.letsprototype.com\/wp-content\/uploads\/2023\/08\/1682378558418-12x12.jpeg 12w, https:\/\/cdn.letsprototype.com\/wp-content\/uploads\/2023\/08\/1682378558418.jpeg 400w\" sizes=\"(max-width: 300px) 100vw, 300px\" \/><\/p><p style=\"text-align: left;\">La visi\u00f3n global de Bryan sobre el <strong>desarrollo de productos novedosos<\/strong>, ha permitido su asenso en el equipo de <strong>products development<\/strong> de los <strong>laboratorios de prototipos de <a href=\"https:\/\/letsprototype.com\/en\/\">Let\u00b4s Prototype<\/a><\/strong>, llegando a ocupar el puesto de Responsable de Dise\u00f1o de soluciones y <strong>arquitectura para productos electr\u00f3nicos<\/strong>.\u00a0\u00a0<\/p><p class=\"p1\" style=\"text-align: left;\">Adem\u00e1s de las habilidades t\u00e9cnicas y magn\u00edfica actitud, demostrada en m\u00e1s de una decena de prototipos donde ha participado en primera persona, Bryan sostiene y desarrolla de forma continua habilidades fundamentales para su crecimiento profesional, como pueden ser:\u00a0<\/p><ul><li>Enfoque a los objetivos.\u00a0<\/li><li>Gesti\u00f3n de su propio tiempo\u00a0 de forma muy eficiente.\u00a0<\/li><li>Capacidad para delegar tareas y controlarlas de forma eficiente.\u00a0<\/li><li>Habilidades e comunicaci\u00f3n y gesti\u00f3n de equipos altamente cualificados.\u00a0<\/li><li class=\"p1\">Atenci\u00f3n al equilibrio viabilidad t\u00e9cnica y econ\u00f3mica en el proceso de desarrollo de productos.\u00a0<\/li><\/ul><p class=\"p1\">En<strong> Let\u00b4s Prototype<\/strong>, los puestos desempe\u00f1ados por Bryan, han derivado en las siguientes funciones espec\u00edficas:\u00a0<\/p><ul><li class=\"p1\">Liderar y apoyar el <strong>desarrollo de prototipos<\/strong> comprendiendo los requisitos dados por los clientes y desarrollando arquitecturas de hardware\/software y productos que los satisfagan.<\/li><li class=\"p1\"><strong>Desarrollo de software embebido<\/strong> para proyectos que involucran GUIs de usuario en pantallas t\u00e1ctiles, tiny machine learning, nodos sensores <strong>IoT<\/strong> y desarrollo de <strong>servidores backend<\/strong> con varios protocolos como HTTP o utilizando <strong>tecnolog\u00eda BLE<\/strong>.<\/li><li class=\"p1\">Dise\u00f1o de <strong>arquitectura backend<\/strong> e IoT.<\/li><li class=\"p1\">Dise\u00f1o de PCB con restricciones de energ\u00eda y espacio.<\/li><li class=\"p1\">Apoyar en el desarrollo de<strong> modelos de IA<\/strong> y machine learning.<\/li><li class=\"p1\">Liderar pr\u00e1cticas de I+D para mejorar desarrollos y productos.<\/li><\/ul><h2 class=\"p1\">Certificaciones y m\u00e9ritos t\u00e9cnicos como ingeniero electr\u00f3nico.<\/h2><p><img decoding=\"async\" class=\"size-medium wp-image-73 alignleft\" src=\"https:\/\/cdn.letsprototype.com\/wp-content\/uploads\/2021\/04\/4af82fed-83db-40d5-a87a-71b52ff6316d-300x224.jpg\" alt=\"equipo de ingenieros LetsPrototype\" width=\"300\" height=\"224\" srcset=\"https:\/\/cdn.letsprototype.com\/wp-content\/uploads\/2021\/04\/4af82fed-83db-40d5-a87a-71b52ff6316d-300x224.jpg 300w, https:\/\/cdn.letsprototype.com\/wp-content\/uploads\/2021\/04\/4af82fed-83db-40d5-a87a-71b52ff6316d-1024x766.jpg 1024w, https:\/\/cdn.letsprototype.com\/wp-content\/uploads\/2021\/04\/4af82fed-83db-40d5-a87a-71b52ff6316d-768x575.jpg 768w, https:\/\/cdn.letsprototype.com\/wp-content\/uploads\/2021\/04\/4af82fed-83db-40d5-a87a-71b52ff6316d-1536x1149.jpg 1536w, https:\/\/cdn.letsprototype.com\/wp-content\/uploads\/2021\/04\/4af82fed-83db-40d5-a87a-71b52ff6316d.jpg 1600w\" sizes=\"(max-width: 300px) 100vw, 300px\" \/><\/p><ul><li class=\"p1\">Scrum Fundamentals Certified (SFC), 2022<\/li><li>Distinci\u00f3n Cum Laude. Universidad Industrial de Santander.\u00a0<\/li><li>Distinci\u00f3n Trabajo de Grado<\/li><li class=\"p1\">Laureado (2023). Universidad Industrial de Santander.<\/li><li class=\"p1\">Sistema IoT para el monitoreo y control de una microrred el\u00e9ctrica experimental: dise\u00f1o para la investigaci\u00f3n y la\u00a0<br \/>ense\u00f1anza. EIEI ACOFI 2023.<\/li><\/ul>\t\t\t\t\t\t\t\t<\/div>\n\t\t\t\t\t<\/div>\n\t\t<\/div>\n\t\t\t\t\t<\/div>\n\t\t<\/section>\n\t\t\t\t<\/div>\n\t\t\n\n<div class=\"kk-star-ratings kksr-auto kksr-align-center kksr-valign-bottom\"\n    data-payload='{&quot;align&quot;:&quot;center&quot;,&quot;id&quot;:&quot;16252&quot;,&quot;slug&quot;:&quot;default&quot;,&quot;valign&quot;:&quot;bottom&quot;,&quot;ignore&quot;:&quot;&quot;,&quot;reference&quot;:&quot;auto&quot;,&quot;class&quot;:&quot;&quot;,&quot;count&quot;:&quot;0&quot;,&quot;legendonly&quot;:&quot;&quot;,&quot;readonly&quot;:&quot;&quot;,&quot;score&quot;:&quot;0&quot;,&quot;starsonly&quot;:&quot;&quot;,&quot;best&quot;:&quot;5&quot;,&quot;gap&quot;:&quot;5&quot;,&quot;greet&quot;:&quot;Valorar este page&quot;,&quot;legend&quot;:&quot;0\\\/5 - (0 votes)&quot;,&quot;size&quot;:&quot;24&quot;,&quot;title&quot;:&quot;Bryan L\u00f3pez - Ingeniero electr\u00f3nico&quot;,&quot;width&quot;:&quot;0&quot;,&quot;_legend&quot;:&quot;{score}\\\/{best} - ({count} {votes})&quot;,&quot;font_factor&quot;:&quot;1.25&quot;}'>\n            \n<div class=\"kksr-stars\">\n    \n<div class=\"kksr-stars-inactive\">\n            <div class=\"kksr-star\" data-star=\"1\" style=\"padding-right: 5px\">\n            \n\n<div class=\"kksr-icon\" style=\"width: 24px; height: 24px;\"><\/div>\n        <\/div>\n            <div class=\"kksr-star\" data-star=\"2\" style=\"padding-right: 5px\">\n            \n\n<div class=\"kksr-icon\" style=\"width: 24px; height: 24px;\"><\/div>\n        <\/div>\n            <div class=\"kksr-star\" data-star=\"3\" style=\"padding-right: 5px\">\n            \n\n<div class=\"kksr-icon\" style=\"width: 24px; height: 24px;\"><\/div>\n        <\/div>\n            <div class=\"kksr-star\" data-star=\"4\" style=\"padding-right: 5px\">\n            \n\n<div class=\"kksr-icon\" style=\"width: 24px; height: 24px;\"><\/div>\n        <\/div>\n            <div class=\"kksr-star\" data-star=\"5\" style=\"padding-right: 5px\">\n            \n\n<div class=\"kksr-icon\" style=\"width: 24px; height: 24px;\"><\/div>\n        <\/div>\n    <\/div>\n    \n<div class=\"kksr-stars-active\" style=\"width: 0px;\">\n            <div class=\"kksr-star\" style=\"padding-right: 5px\">\n            \n\n<div class=\"kksr-icon\" style=\"width: 24px; height: 24px;\"><\/div>\n        <\/div>\n            <div class=\"kksr-star\" style=\"padding-right: 5px\">\n            \n\n<div class=\"kksr-icon\" style=\"width: 24px; height: 24px;\"><\/div>\n        <\/div>\n            <div class=\"kksr-star\" style=\"padding-right: 5px\">\n            \n\n<div class=\"kksr-icon\" style=\"width: 24px; height: 24px;\"><\/div>\n        <\/div>\n            <div class=\"kksr-star\" style=\"padding-right: 5px\">\n            \n\n<div class=\"kksr-icon\" style=\"width: 24px; height: 24px;\"><\/div>\n        <\/div>\n            <div class=\"kksr-star\" style=\"padding-right: 5px\">\n            \n\n<div class=\"kksr-icon\" style=\"width: 24px; height: 24px;\"><\/div>\n        <\/div>\n    <\/div>\n<\/div>\n                \n\n<div class=\"kksr-legend\" style=\"font-size: 19.2px;\">\n            <span class=\"kksr-muted\">Valorar este page<\/span>\n    <\/div>\n    <\/div>","protected":false},"excerpt":{"rendered":"<p>Bryan L\u00f3pez &#8211; Ingeniero electr\u00f3nico Ingeniero\u00a0 electr\u00f3nico con experiencia en el dise\u00f1o y desarrollo de soluciones tecnol\u00f3gicas en entornos \u00e1giles. Bryan destaca por su capacidad de atenci\u00f3n a los detalles y la forma tan especial con la que hace frente a los retos t\u00e9cnicos.\u00a0 Para crear soluciones t\u00e9cnicas a medida, que es a lo que [&hellip;]<\/p>","protected":false},"author":4,"featured_media":9902,"parent":0,"menu_order":0,"comment_status":"closed","ping_status":"closed","template":"elementor_header_footer","meta":{"site-sidebar-layout":"no-sidebar","site-content-layout":"page-builder","ast-site-content-layout":"full-width-container","site-content-style":"default","site-sidebar-style":"default","ast-global-header-display":"","ast-banner-title-visibility":"","ast-main-header-display":"","ast-hfb-above-header-display":"","ast-hfb-below-header-display":"","ast-hfb-mobile-header-display":"","site-post-title":"disabled","ast-breadcrumbs-content":"","ast-featured-img":"disabled","footer-sml-layout":"","theme-transparent-header-meta":"","adv-header-id-meta":"","stick-header-meta":"","header-above-stick-meta":"","header-main-stick-meta":"","header-below-stick-meta":"","astra-migrate-meta-layouts":"set","ast-page-background-enabled":"default","ast-page-background-meta":{"desktop":{"background-color":"var(--ast-global-color-4)","background-image":"","background-repeat":"repeat","background-position":"center center","background-size":"auto","background-attachment":"scroll","background-type":"","background-media":"","overlay-type":"","overlay-color":"","overlay-gradient":""},"tablet":{"background-color":"","background-image":"","background-repeat":"repeat","background-position":"center center","background-size":"auto","background-attachment":"scroll","background-type":"","background-media":"","overlay-type":"","overlay-color":"","overlay-gradient":""},"mobile":{"background-color":"","background-image":"","background-repeat":"repeat","background-position":"center center","background-size":"auto","background-attachment":"scroll","background-type":"","background-media":"","overlay-type":"","overlay-color":"","overlay-gradient":""}},"ast-content-background-meta":{"desktop":{"background-color":"var(--ast-global-color-5)","background-image":"","background-repeat":"repeat","background-position":"center center","background-size":"auto","background-attachment":"scroll","background-type":"","background-media":"","overlay-type":"","overlay-color":"","overlay-gradient":""},"tablet":{"background-color":"var(--ast-global-color-5)","background-image":"","background-repeat":"repeat","background-position":"center center","background-size":"auto","background-attachment":"scroll","background-type":"","background-media":"","overlay-type":"","overlay-color":"","overlay-gradient":""},"mobile":{"background-color":"var(--ast-global-color-5)","background-image":"","background-repeat":"repeat","background-position":"center center","background-size":"auto","background-attachment":"scroll","background-type":"","background-media":"","overlay-type":"","overlay-color":"","overlay-gradient":""}},"footnotes":""},"class_list":["post-16252","page","type-page","status-publish","has-post-thumbnail","hentry"],"yoast_head":"<!-- This site is optimized with the Yoast SEO Premium plugin v26.5 (Yoast SEO v26.5) - https:\/\/yoast.com\/wordpress\/plugins\/seo\/ -->\n<title>Bryan L\u00f3pez | Ingeniro Electr\u00f3nico en Lets Prototype<\/title>\n<meta name=\"description\" content=\"Bryan L\u00f3pez es eletr\u00f3nico y experto en desarrollo de sistemas embebidos. Eqiopo de Let\u00b4s Prototype para el desarrollo de prototipos.\" \/>\n<meta name=\"robots\" content=\"index, follow, max-snippet:-1, max-image-preview:large, max-video-preview:-1\" \/>\n<link rel=\"canonical\" href=\"https:\/\/letsprototype.com\/en\/electronic-engineer-bryan-lopez\/\" \/>\n<meta property=\"og:locale\" content=\"en_US\" \/>\n<meta property=\"og:type\" content=\"article\" \/>\n<meta property=\"og:title\" content=\"Bryan L\u00f3pez - Ingeniero electr\u00f3nico\" \/>\n<meta property=\"og:description\" content=\"Bryan L\u00f3pez es eletr\u00f3nico y experto en desarrollo de sistemas embebidos. Eqiopo de Let\u00b4s Prototype para el desarrollo de prototipos.\" \/>\n<meta property=\"og:url\" content=\"https:\/\/letsprototype.com\/en\/electronic-engineer-bryan-lopez\/\" \/>\n<meta property=\"og:site_name\" content=\"Let&#039;s Prototype\" \/>\n<meta property=\"article:publisher\" content=\"https:\/\/www.facebook.com\/letsprototype\" \/>\n<meta property=\"article:modified_time\" content=\"2024-10-02T23:14:50+00:00\" \/>\n<meta property=\"og:image\" content=\"https:\/\/letsprototype.com\/wp-content\/uploads\/2023\/08\/1682378558418.jpeg\" \/>\n\t<meta property=\"og:image:width\" content=\"400\" \/>\n\t<meta property=\"og:image:height\" content=\"400\" \/>\n\t<meta property=\"og:image:type\" content=\"image\/jpeg\" \/>\n<meta name=\"twitter:card\" content=\"summary_large_image\" \/>\n<meta name=\"twitter:label1\" content=\"Est. reading time\" \/>\n\t<meta name=\"twitter:data1\" content=\"3 minutes\" \/>\n<script type=\"application\/ld+json\" class=\"yoast-schema-graph\">{\"@context\":\"https:\/\/schema.org\",\"@graph\":[{\"@type\":\"WebPage\",\"@id\":\"https:\/\/letsprototype.com\/ingeniero-electronico-bryan-lopez\/\",\"url\":\"https:\/\/letsprototype.com\/ingeniero-electronico-bryan-lopez\/\",\"name\":\"Bryan L\u00f3pez | Ingeniro Electr\u00f3nico en Lets Prototype\",\"isPartOf\":{\"@id\":\"https:\/\/letsprototype.com\/#website\"},\"primaryImageOfPage\":{\"@id\":\"https:\/\/letsprototype.com\/ingeniero-electronico-bryan-lopez\/#primaryimage\"},\"image\":{\"@id\":\"https:\/\/letsprototype.com\/ingeniero-electronico-bryan-lopez\/#primaryimage\"},\"thumbnailUrl\":\"https:\/\/cdn.letsprototype.com\/wp-content\/uploads\/2023\/08\/1682378558418.jpeg\",\"datePublished\":\"2024-10-02T22:38:51+00:00\",\"dateModified\":\"2024-10-02T23:14:50+00:00\",\"description\":\"Bryan L\u00f3pez es eletr\u00f3nico y experto en desarrollo de sistemas embebidos. Eqiopo de Let\u00b4s Prototype para el desarrollo de prototipos.\",\"breadcrumb\":{\"@id\":\"https:\/\/letsprototype.com\/ingeniero-electronico-bryan-lopez\/#breadcrumb\"},\"inLanguage\":\"en-US\",\"potentialAction\":[{\"@type\":\"ReadAction\",\"target\":[\"https:\/\/letsprototype.com\/ingeniero-electronico-bryan-lopez\/\"]}]},{\"@type\":\"ImageObject\",\"inLanguage\":\"en-US\",\"@id\":\"https:\/\/letsprototype.com\/ingeniero-electronico-bryan-lopez\/#primaryimage\",\"url\":\"https:\/\/cdn.letsprototype.com\/wp-content\/uploads\/2023\/08\/1682378558418.jpeg\",\"contentUrl\":\"https:\/\/cdn.letsprototype.com\/wp-content\/uploads\/2023\/08\/1682378558418.jpeg\",\"width\":400,\"height\":400,\"caption\":\"Bryan Lopez - Prototipos - Dise\u00f1o de productos\"},{\"@type\":\"BreadcrumbList\",\"@id\":\"https:\/\/letsprototype.com\/ingeniero-electronico-bryan-lopez\/#breadcrumb\",\"itemListElement\":[{\"@type\":\"ListItem\",\"position\":1,\"name\":\"Portada\",\"item\":\"https:\/\/letsprototype.com\/\"},{\"@type\":\"ListItem\",\"position\":2,\"name\":\"Bryan L\u00f3pez &#8211; Ingeniero electr\u00f3nico\"}]},{\"@type\":\"WebSite\",\"@id\":\"https:\/\/letsprototype.com\/#website\",\"url\":\"https:\/\/letsprototype.com\/\",\"name\":\"Let's Prototype\",\"description\":\"Especialistas en dise\u00f1o y fabricaci\u00f3n de prototipos\",\"publisher\":{\"@id\":\"https:\/\/letsprototype.com\/#organization\"},\"alternateName\":\"Empresa de dise\u00f1o y fabricaci\u00f3n de Productos\",\"potentialAction\":[{\"@type\":\"SearchAction\",\"target\":{\"@type\":\"EntryPoint\",\"urlTemplate\":\"https:\/\/letsprototype.com\/?s={search_term_string}\"},\"query-input\":{\"@type\":\"PropertyValueSpecification\",\"valueRequired\":true,\"valueName\":\"search_term_string\"}}],\"inLanguage\":\"en-US\"},{\"@type\":\"Organization\",\"@id\":\"https:\/\/letsprototype.com\/#organization\",\"name\":\"Let\u00b4s Prototype\",\"alternateName\":\"Let\u00b4s Prototype\",\"url\":\"https:\/\/letsprototype.com\/\",\"logo\":{\"@type\":\"ImageObject\",\"inLanguage\":\"en-US\",\"@id\":\"https:\/\/letsprototype.com\/#\/schema\/logo\/image\/\",\"url\":\"https:\/\/cdn.letsprototype.com\/wp-content\/uploads\/2022\/07\/cropped-LESTPROTOTYPE-5.png\",\"contentUrl\":\"https:\/\/cdn.letsprototype.com\/wp-content\/uploads\/2022\/07\/cropped-LESTPROTOTYPE-5.png\",\"width\":512,\"height\":512,\"caption\":\"Let\u00b4s Prototype\"},\"image\":{\"@id\":\"https:\/\/letsprototype.com\/#\/schema\/logo\/image\/\"},\"sameAs\":[\"https:\/\/www.facebook.com\/letsprototype\",\"https:\/\/www.linkedin.com\/company\/letsprototype\/\",\"https:\/\/www.thumbtack.com\/fl\/miami\/cad-design\/lets-prototype\/service\/467614067578683401\",\"https:\/\/www.youtube.com\/@letsprototype-productdevel3398\"],\"description\":\"Agencia de innovaci\u00f3n y desarrollo de productos. Especialistas en desarrollo de productos innovadores y fabricaci\u00f3n de prototipos con laboratorios f\u00edsicos en Madrid, Espa\u00f1a y Miami, Estados Unidos.\",\"email\":\"hello@letsprototype.com\",\"telephone\":\"34619687023\",\"legalName\":\"San Juan Ingenieros\",\"foundingDate\":\"2006-11-03\",\"vatID\":\"B11852951\",\"iso6523Code\":\"9001\",\"numberOfEmployees\":{\"@type\":\"QuantitativeValue\",\"minValue\":\"11\",\"maxValue\":\"50\"}}]}<\/script>\n<!-- \/ Yoast SEO Premium plugin. -->","yoast_head_json":{"title":"Bryan L\u00f3pez | Electronic Engineer at Let\u2019s Prototype","description":"Bryan L\u00f3pez is an electronic engineer and an expert in embedded systems development. He is part of the Let\u2019s Prototype team for prototype development.","robots":{"index":"index","follow":"follow","max-snippet":"max-snippet:-1","max-image-preview":"max-image-preview:large","max-video-preview":"max-video-preview:-1"},"canonical":"https:\/\/letsprototype.com\/en\/electronic-engineer-bryan-lopez\/","og_locale":"en_US","og_type":"article","og_title":"Bryan L\u00f3pez - Ingeniero electr\u00f3nico","og_description":"Bryan L\u00f3pez es eletr\u00f3nico y experto en desarrollo de sistemas embebidos. Eqiopo de Let\u00b4s Prototype para el desarrollo de prototipos.","og_url":"https:\/\/letsprototype.com\/en\/electronic-engineer-bryan-lopez\/","og_site_name":"Let&#039;s Prototype","article_publisher":"https:\/\/www.facebook.com\/letsprototype","article_modified_time":"2024-10-02T23:14:50+00:00","og_image":[{"width":400,"height":400,"url":"https:\/\/letsprototype.com\/wp-content\/uploads\/2023\/08\/1682378558418.jpeg","type":"image\/jpeg"}],"twitter_card":"summary_large_image","twitter_misc":{"Est. reading time":"3 minutes"},"schema":{"@context":"https:\/\/schema.org","@graph":[{"@type":"WebPage","@id":"https:\/\/letsprototype.com\/ingeniero-electronico-bryan-lopez\/","url":"https:\/\/letsprototype.com\/ingeniero-electronico-bryan-lopez\/","name":"Bryan L\u00f3pez | Electronic Engineer at Let\u2019s Prototype","isPartOf":{"@id":"https:\/\/letsprototype.com\/#website"},"primaryImageOfPage":{"@id":"https:\/\/letsprototype.com\/ingeniero-electronico-bryan-lopez\/#primaryimage"},"image":{"@id":"https:\/\/letsprototype.com\/ingeniero-electronico-bryan-lopez\/#primaryimage"},"thumbnailUrl":"https:\/\/cdn.letsprototype.com\/wp-content\/uploads\/2023\/08\/1682378558418.jpeg","datePublished":"2024-10-02T22:38:51+00:00","dateModified":"2024-10-02T23:14:50+00:00","description":"Bryan L\u00f3pez is an electronic engineer and an expert in embedded systems development. He is part of the Let\u2019s Prototype team for prototype development.","breadcrumb":{"@id":"https:\/\/letsprototype.com\/ingeniero-electronico-bryan-lopez\/#breadcrumb"},"inLanguage":"en-US","potentialAction":[{"@type":"ReadAction","target":["https:\/\/letsprototype.com\/ingeniero-electronico-bryan-lopez\/"]}]},{"@type":"ImageObject","inLanguage":"en-US","@id":"https:\/\/letsprototype.com\/ingeniero-electronico-bryan-lopez\/#primaryimage","url":"https:\/\/cdn.letsprototype.com\/wp-content\/uploads\/2023\/08\/1682378558418.jpeg","contentUrl":"https:\/\/cdn.letsprototype.com\/wp-content\/uploads\/2023\/08\/1682378558418.jpeg","width":400,"height":400,"caption":"Bryan Lopez - Prototipos - Dise\u00f1o de productos"},{"@type":"BreadcrumbList","@id":"https:\/\/letsprototype.com\/ingeniero-electronico-bryan-lopez\/#breadcrumb","itemListElement":[{"@type":"ListItem","position":1,"name":"Portada","item":"https:\/\/letsprototype.com\/"},{"@type":"ListItem","position":2,"name":"Bryan L\u00f3pez &#8211; Ingeniero electr\u00f3nico"}]},{"@type":"WebSite","@id":"https:\/\/letsprototype.com\/#website","url":"https:\/\/letsprototype.com\/","name":"Let's Prototype","description":"Especialistas en dise\u00f1o y fabricaci\u00f3n de prototipos","publisher":{"@id":"https:\/\/letsprototype.com\/#organization"},"alternateName":"Empresa de dise\u00f1o y fabricaci\u00f3n de Productos","potentialAction":[{"@type":"SearchAction","target":{"@type":"EntryPoint","urlTemplate":"https:\/\/letsprototype.com\/?s={search_term_string}"},"query-input":{"@type":"PropertyValueSpecification","valueRequired":true,"valueName":"search_term_string"}}],"inLanguage":"en-US"},{"@type":"Organization","@id":"https:\/\/letsprototype.com\/#organization","name":"Let\u00b4s Prototype","alternateName":"Let\u00b4s Prototype","url":"https:\/\/letsprototype.com\/","logo":{"@type":"ImageObject","inLanguage":"en-US","@id":"https:\/\/letsprototype.com\/#\/schema\/logo\/image\/","url":"https:\/\/cdn.letsprototype.com\/wp-content\/uploads\/2022\/07\/cropped-LESTPROTOTYPE-5.png","contentUrl":"https:\/\/cdn.letsprototype.com\/wp-content\/uploads\/2022\/07\/cropped-LESTPROTOTYPE-5.png","width":512,"height":512,"caption":"Let\u00b4s Prototype"},"image":{"@id":"https:\/\/letsprototype.com\/#\/schema\/logo\/image\/"},"sameAs":["https:\/\/www.facebook.com\/letsprototype","https:\/\/www.linkedin.com\/company\/letsprototype\/","https:\/\/www.thumbtack.com\/fl\/miami\/cad-design\/lets-prototype\/service\/467614067578683401","https:\/\/www.youtube.com\/@letsprototype-productdevel3398"],"description":"Agencia de innovaci\u00f3n y desarrollo de productos. Especialistas en desarrollo de productos innovadores y fabricaci\u00f3n de prototipos con laboratorios f\u00edsicos en Madrid, Espa\u00f1a y Miami, Estados Unidos.","email":"hello@letsprototype.com","telephone":"34619687023","legalName":"San Juan Ingenieros","foundingDate":"2006-11-03","vatID":"B11852951","iso6523Code":"9001","numberOfEmployees":{"@type":"QuantitativeValue","minValue":"11","maxValue":"50"}}]}},"_links":{"self":[{"href":"https:\/\/letsprototype.com\/en\/wp-json\/wp\/v2\/pages\/16252","targetHints":{"allow":["GET"]}}],"collection":[{"href":"https:\/\/letsprototype.com\/en\/wp-json\/wp\/v2\/pages"}],"about":[{"href":"https:\/\/letsprototype.com\/en\/wp-json\/wp\/v2\/types\/page"}],"author":[{"embeddable":true,"href":"https:\/\/letsprototype.com\/en\/wp-json\/wp\/v2\/users\/4"}],"replies":[{"embeddable":true,"href":"https:\/\/letsprototype.com\/en\/wp-json\/wp\/v2\/comments?post=16252"}],"version-history":[{"count":0,"href":"https:\/\/letsprototype.com\/en\/wp-json\/wp\/v2\/pages\/16252\/revisions"}],"wp:featuredmedia":[{"embeddable":true,"href":"https:\/\/letsprototype.com\/en\/wp-json\/wp\/v2\/media\/9902"}],"wp:attachment":[{"href":"https:\/\/letsprototype.com\/en\/wp-json\/wp\/v2\/media?parent=16252"}],"curies":[{"name":"wp","href":"https:\/\/api.w.org\/{rel}","templated":true}]}}