{"id":1460,"date":"2021-05-20T11:05:25","date_gmt":"2021-05-20T11:05:25","guid":{"rendered":"https:\/\/prototecnica.es\/?page_id=1460"},"modified":"2021-05-20T11:05:25","modified_gmt":"2021-05-20T11:05:25","slug":"gracias-nda","status":"publish","type":"page","link":"https:\/\/letsprototype.com\/en\/gracias-nda\/","title":{"rendered":"Gracias NDA"},"content":{"rendered":"<div data-elementor-type=\"wp-page\" data-elementor-id=\"1460\" class=\"elementor elementor-1460\" data-elementor-post-type=\"page\">\n\t\t\t\t\t\t<section class=\"elementor-section elementor-top-section elementor-element elementor-element-1f917770 elementor-section-stretched elementor-section-boxed elementor-section-height-default elementor-section-height-default\" data-id=\"1f917770\" data-element_type=\"section\" data-settings=\"{&quot;stretch_section&quot;:&quot;section-stretched&quot;}\">\n\t\t\t\t\t\t<div class=\"elementor-container elementor-column-gap-default\">\n\t\t\t\t\t<div class=\"elementor-column elementor-col-100 elementor-top-column elementor-element elementor-element-18b64127\" data-id=\"18b64127\" data-element_type=\"column\">\n\t\t\t<div class=\"elementor-widget-wrap elementor-element-populated\">\n\t\t\t\t\t\t<div class=\"elementor-element elementor-element-1c0eb845 elementor-widget elementor-widget-spacer\" data-id=\"1c0eb845\" data-element_type=\"widget\" data-widget_type=\"spacer.default\">\n\t\t\t\t\t\t\t<div class=\"elementor-spacer\">\n\t\t\t<div class=\"elementor-spacer-inner\"><\/div>\n\t\t<\/div>\n\t\t\t\t\t\t<\/div>\n\t\t\t\t<div class=\"elementor-element elementor-element-78240743 elementor-widget elementor-widget-text-editor\" data-id=\"78240743\" data-element_type=\"widget\" data-widget_type=\"text-editor.default\">\n\t\t\t\t\t\t\t\t\t<h3><strong>\u00a1Gracias por contactar con nosotros! Nos pondremos en contacto contigo muy pronto.<\/strong><\/h3>\t\t\t\t\t\t\t\t<\/div>\n\t\t\t\t<div class=\"elementor-element elementor-element-55148ed6 elementor-align-center elementor-widget elementor-widget-button\" data-id=\"55148ed6\" data-element_type=\"widget\" data-widget_type=\"button.default\">\n\t\t\t\t\t\t\t\t\t\t<a class=\"elementor-button elementor-button-link elementor-size-md\" href=\"https:\/\/letsprototype.com\/en\">\n\t\t\t\t\t\t<span class=\"elementor-button-content-wrapper\">\n\t\t\t\t\t\t\t\t\t<span class=\"elementor-button-text\">Regresar a la p\u00e1gina<\/span>\n\t\t\t\t\t<\/span>\n\t\t\t\t\t<\/a>\n\t\t\t\t\t\t\t\t<\/div>\n\t\t\t\t\t<\/div>\n\t\t<\/div>\n\t\t\t\t\t<\/div>\n\t\t<\/section>\n\t\t\t\t<\/div>\n\t\t\n\n<div class=\"kk-star-ratings kksr-auto kksr-align-center kksr-valign-bottom\"\n    data-payload='{&quot;align&quot;:&quot;center&quot;,&quot;id&quot;:&quot;1460&quot;,&quot;slug&quot;:&quot;default&quot;,&quot;valign&quot;:&quot;bottom&quot;,&quot;ignore&quot;:&quot;&quot;,&quot;reference&quot;:&quot;auto&quot;,&quot;class&quot;:&quot;&quot;,&quot;count&quot;:&quot;0&quot;,&quot;legendonly&quot;:&quot;&quot;,&quot;readonly&quot;:&quot;&quot;,&quot;score&quot;:&quot;0&quot;,&quot;starsonly&quot;:&quot;&quot;,&quot;best&quot;:&quot;5&quot;,&quot;gap&quot;:&quot;5&quot;,&quot;greet&quot;:&quot;Valorar este page&quot;,&quot;legend&quot;:&quot;0\\\/5 - (0 votes)&quot;,&quot;size&quot;:&quot;24&quot;,&quot;title&quot;:&quot;Gracias NDA&quot;,&quot;width&quot;:&quot;0&quot;,&quot;_legend&quot;:&quot;{score}\\\/{best} - ({count} {votes})&quot;,&quot;font_factor&quot;:&quot;1.25&quot;}'>\n            \n<div class=\"kksr-stars\">\n    \n<div class=\"kksr-stars-inactive\">\n            <div class=\"kksr-star\" data-star=\"1\" style=\"padding-right: 5px\">\n            \n\n<div class=\"kksr-icon\" style=\"width: 24px; height: 24px;\"><\/div>\n        <\/div>\n            <div class=\"kksr-star\" data-star=\"2\" style=\"padding-right: 5px\">\n            \n\n<div class=\"kksr-icon\" style=\"width: 24px; height: 24px;\"><\/div>\n        <\/div>\n            <div class=\"kksr-star\" data-star=\"3\" style=\"padding-right: 5px\">\n            \n\n<div class=\"kksr-icon\" style=\"width: 24px; height: 24px;\"><\/div>\n        <\/div>\n            <div class=\"kksr-star\" data-star=\"4\" style=\"padding-right: 5px\">\n            \n\n<div class=\"kksr-icon\" style=\"width: 24px; height: 24px;\"><\/div>\n        <\/div>\n            <div class=\"kksr-star\" data-star=\"5\" style=\"padding-right: 5px\">\n            \n\n<div class=\"kksr-icon\" style=\"width: 24px; height: 24px;\"><\/div>\n        <\/div>\n    <\/div>\n    \n<div class=\"kksr-stars-active\" style=\"width: 0px;\">\n            <div class=\"kksr-star\" style=\"padding-right: 5px\">\n            \n\n<div class=\"kksr-icon\" style=\"width: 24px; height: 24px;\"><\/div>\n        <\/div>\n            <div class=\"kksr-star\" style=\"padding-right: 5px\">\n            \n\n<div class=\"kksr-icon\" style=\"width: 24px; height: 24px;\"><\/div>\n        <\/div>\n            <div class=\"kksr-star\" style=\"padding-right: 5px\">\n            \n\n<div class=\"kksr-icon\" style=\"width: 24px; height: 24px;\"><\/div>\n        <\/div>\n            <div class=\"kksr-star\" style=\"padding-right: 5px\">\n            \n\n<div class=\"kksr-icon\" style=\"width: 24px; height: 24px;\"><\/div>\n        <\/div>\n            <div class=\"kksr-star\" style=\"padding-right: 5px\">\n            \n\n<div class=\"kksr-icon\" style=\"width: 24px; height: 24px;\"><\/div>\n        <\/div>\n    <\/div>\n<\/div>\n                \n\n<div class=\"kksr-legend\" style=\"font-size: 19.2px;\">\n            <span class=\"kksr-muted\">Valorar este page<\/span>\n    <\/div>\n    <\/div>","protected":false},"excerpt":{"rendered":"<p>\u00a1Gracias por contactar con nosotros! Nos pondremos en contacto contigo muy pronto. Regresar a la p\u00e1gina<\/p>","protected":false},"author":1,"featured_media":0,"parent":0,"menu_order":0,"comment_status":"closed","ping_status":"closed","template":"","meta":{"site-sidebar-layout":"no-sidebar","site-content-layout":"page-builder","ast-site-content-layout":"","site-content-style":"default","site-sidebar-style":"default","ast-global-header-display":"","ast-banner-title-visibility":"","ast-main-header-display":"","ast-hfb-above-header-display":"","ast-hfb-below-header-display":"","ast-hfb-mobile-header-display":"","site-post-title":"disabled","ast-breadcrumbs-content":"","ast-featured-img":"disabled","footer-sml-layout":"","theme-transparent-header-meta":"default","adv-header-id-meta":"","stick-header-meta":"","header-above-stick-meta":"","header-main-stick-meta":"","header-below-stick-meta":"","astra-migrate-meta-layouts":"default","ast-page-background-enabled":"default","ast-page-background-meta":{"desktop":{"background-color":"var(--ast-global-color-4)","background-image":"","background-repeat":"repeat","background-position":"center center","background-size":"auto","background-attachment":"scroll","background-type":"","background-media":"","overlay-type":"","overlay-color":"","overlay-gradient":""},"tablet":{"background-color":"","background-image":"","background-repeat":"repeat","background-position":"center center","background-size":"auto","background-attachment":"scroll","background-type":"","background-media":"","overlay-type":"","overlay-color":"","overlay-gradient":""},"mobile":{"background-color":"","background-image":"","background-repeat":"repeat","background-position":"center center","background-size":"auto","background-attachment":"scroll","background-type":"","background-media":"","overlay-type":"","overlay-color":"","overlay-gradient":""}},"ast-content-background-meta":{"desktop":{"background-color":"var(--ast-global-color-5)","background-image":"","background-repeat":"repeat","background-position":"center center","background-size":"auto","background-attachment":"scroll","background-type":"","background-media":"","overlay-type":"","overlay-color":"","overlay-gradient":""},"tablet":{"background-color":"var(--ast-global-color-5)","background-image":"","background-repeat":"repeat","background-position":"center center","background-size":"auto","background-attachment":"scroll","background-type":"","background-media":"","overlay-type":"","overlay-color":"","overlay-gradient":""},"mobile":{"background-color":"var(--ast-global-color-5)","background-image":"","background-repeat":"repeat","background-position":"center center","background-size":"auto","background-attachment":"scroll","background-type":"","background-media":"","overlay-type":"","overlay-color":"","overlay-gradient":""}},"footnotes":""},"class_list":["post-1460","page","type-page","status-publish","hentry"],"yoast_head":"<!-- This site is optimized with the Yoast SEO Premium plugin v27.3 (Yoast SEO v27.3) - https:\/\/yoast.com\/product\/yoast-seo-premium-wordpress\/ -->\n<title>Gracias NDA - Let&#039;s Prototype<\/title>\n<meta name=\"description\" content=\"Es imprescindible la firma de un acuerdo de confidencialidad antes de comenzar el proceso de fabricaci\u00f3n de prototipos.\" \/>\n<meta name=\"robots\" content=\"noindex, follow\" \/>\n<meta property=\"og:locale\" content=\"en_US\" \/>\n<meta property=\"og:type\" content=\"article\" \/>\n<meta property=\"og:title\" content=\"Gracias NDA\" \/>\n<meta property=\"og:description\" content=\"Es imprescindible la firma de un acuerdo de confidencialidad antes de comenzar el proceso de fabricaci\u00f3n de prototipos.\" \/>\n<meta property=\"og:url\" content=\"https:\/\/letsprototype.com\/en\/gracias-nda\/\" \/>\n<meta property=\"og:site_name\" content=\"Let&#039;s Prototype\" \/>\n<meta property=\"article:publisher\" content=\"https:\/\/www.facebook.com\/letsprototype\" \/>\n<meta property=\"og:image\" content=\"https:\/\/cdn.letsprototype.com\/wp-content\/uploads\/2021\/12\/Equipo-prototecnica-min--e1660055286521.jpg\" \/>\n\t<meta property=\"og:image:width\" content=\"2048\" \/>\n\t<meta property=\"og:image:height\" content=\"1366\" \/>\n\t<meta property=\"og:image:type\" content=\"image\/jpeg\" \/>\n<meta name=\"twitter:card\" content=\"summary_large_image\" \/>\n<meta name=\"twitter:label1\" content=\"Est. reading time\" \/>\n\t<meta name=\"twitter:data1\" content=\"1 minute\" \/>\n<script type=\"application\/ld+json\" class=\"yoast-schema-graph\">{\"@context\":\"https:\\\/\\\/schema.org\",\"@graph\":[{\"@type\":\"WebPage\",\"@id\":\"https:\\\/\\\/letsprototype.com\\\/gracias-nda\\\/\",\"url\":\"https:\\\/\\\/letsprototype.com\\\/gracias-nda\\\/\",\"name\":\"Gracias NDA - Let&#039;s Prototype\",\"isPartOf\":{\"@id\":\"https:\\\/\\\/letsprototype.com\\\/#website\"},\"datePublished\":\"2021-05-20T11:05:25+00:00\",\"description\":\"Es imprescindible la firma de un acuerdo de confidencialidad antes de comenzar el proceso de fabricaci\u00f3n de prototipos.\",\"breadcrumb\":{\"@id\":\"https:\\\/\\\/letsprototype.com\\\/gracias-nda\\\/#breadcrumb\"},\"inLanguage\":\"en-US\",\"potentialAction\":[{\"@type\":\"ReadAction\",\"target\":[\"https:\\\/\\\/letsprototype.com\\\/gracias-nda\\\/\"]}]},{\"@type\":\"BreadcrumbList\",\"@id\":\"https:\\\/\\\/letsprototype.com\\\/gracias-nda\\\/#breadcrumb\",\"itemListElement\":[{\"@type\":\"ListItem\",\"position\":1,\"name\":\"Portada\",\"item\":\"https:\\\/\\\/letsprototype.com\\\/\"},{\"@type\":\"ListItem\",\"position\":2,\"name\":\"Gracias NDA\"}]},{\"@type\":\"WebSite\",\"@id\":\"https:\\\/\\\/letsprototype.com\\\/#website\",\"url\":\"https:\\\/\\\/letsprototype.com\\\/\",\"name\":\"Let's Prototype\",\"description\":\"Especialistas en dise\u00f1o y fabricaci\u00f3n de prototipos\",\"publisher\":{\"@id\":\"https:\\\/\\\/letsprototype.com\\\/#organization\"},\"alternateName\":\"Empresa de dise\u00f1o y fabricaci\u00f3n de Productos\",\"potentialAction\":[{\"@type\":\"SearchAction\",\"target\":{\"@type\":\"EntryPoint\",\"urlTemplate\":\"https:\\\/\\\/letsprototype.com\\\/?s={search_term_string}\"},\"query-input\":{\"@type\":\"PropertyValueSpecification\",\"valueRequired\":true,\"valueName\":\"search_term_string\"}}],\"inLanguage\":\"en-US\"},{\"@type\":\"Organization\",\"@id\":\"https:\\\/\\\/letsprototype.com\\\/#organization\",\"name\":\"Let\u00b4s Prototype\",\"alternateName\":\"Let\u00b4s Prototype\",\"url\":\"https:\\\/\\\/letsprototype.com\\\/\",\"logo\":{\"@type\":\"ImageObject\",\"inLanguage\":\"en-US\",\"@id\":\"https:\\\/\\\/letsprototype.com\\\/#\\\/schema\\\/logo\\\/image\\\/\",\"url\":\"https:\\\/\\\/cdn.letsprototype.com\\\/wp-content\\\/uploads\\\/2022\\\/07\\\/cropped-LESTPROTOTYPE-5.png\",\"contentUrl\":\"https:\\\/\\\/cdn.letsprototype.com\\\/wp-content\\\/uploads\\\/2022\\\/07\\\/cropped-LESTPROTOTYPE-5.png\",\"width\":512,\"height\":512,\"caption\":\"Let\u00b4s Prototype\"},\"image\":{\"@id\":\"https:\\\/\\\/letsprototype.com\\\/#\\\/schema\\\/logo\\\/image\\\/\"},\"sameAs\":[\"https:\\\/\\\/www.facebook.com\\\/letsprototype\",\"https:\\\/\\\/www.linkedin.com\\\/company\\\/letsprototype\\\/\",\"https:\\\/\\\/www.thumbtack.com\\\/fl\\\/miami\\\/cad-design\\\/lets-prototype\\\/service\\\/467614067578683401\",\"https:\\\/\\\/www.youtube.com\\\/@letsprototype-productdevel3398\"],\"description\":\"Agencia de innovaci\u00f3n y desarrollo de productos. Especialistas en desarrollo de productos innovadores y fabricaci\u00f3n de prototipos con laboratorios f\u00edsicos en Madrid, Espa\u00f1a y Miami, Estados Unidos.\",\"email\":\"hello@letsprototype.com\",\"telephone\":\"34619687023\",\"legalName\":\"San Juan Ingenieros\",\"foundingDate\":\"2006-11-03\",\"vatID\":\"B11852951\",\"iso6523Code\":\"9001\",\"numberOfEmployees\":{\"@type\":\"QuantitativeValue\",\"minValue\":\"11\",\"maxValue\":\"50\"}}]}<\/script>\n<!-- \/ Yoast SEO Premium plugin. -->","yoast_head_json":{"title":"Gracias NDA - Let&#039;s Prototype","description":"Es imprescindible la firma de un acuerdo de confidencialidad antes de comenzar el proceso de fabricaci\u00f3n de prototipos.","robots":{"index":"noindex","follow":"follow"},"og_locale":"en_US","og_type":"article","og_title":"Gracias NDA","og_description":"Es imprescindible la firma de un acuerdo de confidencialidad antes de comenzar el proceso de fabricaci\u00f3n de prototipos.","og_url":"https:\/\/letsprototype.com\/en\/gracias-nda\/","og_site_name":"Let&#039;s Prototype","article_publisher":"https:\/\/www.facebook.com\/letsprototype","og_image":[{"width":2048,"height":1366,"url":"https:\/\/cdn.letsprototype.com\/wp-content\/uploads\/2021\/12\/Equipo-prototecnica-min--e1660055286521.jpg","type":"image\/jpeg"}],"twitter_card":"summary_large_image","twitter_misc":{"Est. reading time":"1 minute"},"schema":{"@context":"https:\/\/schema.org","@graph":[{"@type":"WebPage","@id":"https:\/\/letsprototype.com\/gracias-nda\/","url":"https:\/\/letsprototype.com\/gracias-nda\/","name":"Gracias NDA - Let&#039;s Prototype","isPartOf":{"@id":"https:\/\/letsprototype.com\/#website"},"datePublished":"2021-05-20T11:05:25+00:00","description":"Es imprescindible la firma de un acuerdo de confidencialidad antes de comenzar el proceso de fabricaci\u00f3n de prototipos.","breadcrumb":{"@id":"https:\/\/letsprototype.com\/gracias-nda\/#breadcrumb"},"inLanguage":"en-US","potentialAction":[{"@type":"ReadAction","target":["https:\/\/letsprototype.com\/gracias-nda\/"]}]},{"@type":"BreadcrumbList","@id":"https:\/\/letsprototype.com\/gracias-nda\/#breadcrumb","itemListElement":[{"@type":"ListItem","position":1,"name":"Portada","item":"https:\/\/letsprototype.com\/"},{"@type":"ListItem","position":2,"name":"Gracias NDA"}]},{"@type":"WebSite","@id":"https:\/\/letsprototype.com\/#website","url":"https:\/\/letsprototype.com\/","name":"Let's Prototype","description":"Especialistas en dise\u00f1o y fabricaci\u00f3n de prototipos","publisher":{"@id":"https:\/\/letsprototype.com\/#organization"},"alternateName":"Empresa de dise\u00f1o y fabricaci\u00f3n de Productos","potentialAction":[{"@type":"SearchAction","target":{"@type":"EntryPoint","urlTemplate":"https:\/\/letsprototype.com\/?s={search_term_string}"},"query-input":{"@type":"PropertyValueSpecification","valueRequired":true,"valueName":"search_term_string"}}],"inLanguage":"en-US"},{"@type":"Organization","@id":"https:\/\/letsprototype.com\/#organization","name":"Let\u00b4s Prototype","alternateName":"Let\u00b4s Prototype","url":"https:\/\/letsprototype.com\/","logo":{"@type":"ImageObject","inLanguage":"en-US","@id":"https:\/\/letsprototype.com\/#\/schema\/logo\/image\/","url":"https:\/\/cdn.letsprototype.com\/wp-content\/uploads\/2022\/07\/cropped-LESTPROTOTYPE-5.png","contentUrl":"https:\/\/cdn.letsprototype.com\/wp-content\/uploads\/2022\/07\/cropped-LESTPROTOTYPE-5.png","width":512,"height":512,"caption":"Let\u00b4s Prototype"},"image":{"@id":"https:\/\/letsprototype.com\/#\/schema\/logo\/image\/"},"sameAs":["https:\/\/www.facebook.com\/letsprototype","https:\/\/www.linkedin.com\/company\/letsprototype\/","https:\/\/www.thumbtack.com\/fl\/miami\/cad-design\/lets-prototype\/service\/467614067578683401","https:\/\/www.youtube.com\/@letsprototype-productdevel3398"],"description":"Agencia de innovaci\u00f3n y desarrollo de productos. Especialistas en desarrollo de productos innovadores y fabricaci\u00f3n de prototipos con laboratorios f\u00edsicos en Madrid, Espa\u00f1a y Miami, Estados Unidos.","email":"hello@letsprototype.com","telephone":"34619687023","legalName":"San Juan Ingenieros","foundingDate":"2006-11-03","vatID":"B11852951","iso6523Code":"9001","numberOfEmployees":{"@type":"QuantitativeValue","minValue":"11","maxValue":"50"}}]}},"_links":{"self":[{"href":"https:\/\/letsprototype.com\/en\/wp-json\/wp\/v2\/pages\/1460","targetHints":{"allow":["GET"]}}],"collection":[{"href":"https:\/\/letsprototype.com\/en\/wp-json\/wp\/v2\/pages"}],"about":[{"href":"https:\/\/letsprototype.com\/en\/wp-json\/wp\/v2\/types\/page"}],"author":[{"embeddable":true,"href":"https:\/\/letsprototype.com\/en\/wp-json\/wp\/v2\/users\/1"}],"replies":[{"embeddable":true,"href":"https:\/\/letsprototype.com\/en\/wp-json\/wp\/v2\/comments?post=1460"}],"version-history":[{"count":0,"href":"https:\/\/letsprototype.com\/en\/wp-json\/wp\/v2\/pages\/1460\/revisions"}],"wp:attachment":[{"href":"https:\/\/letsprototype.com\/en\/wp-json\/wp\/v2\/media?parent=1460"}],"curies":[{"name":"wp","href":"https:\/\/api.w.org\/{rel}","templated":true}]}}